{"id":1465,"date":"2018-08-07T15:31:36","date_gmt":"2018-08-07T13:31:36","guid":{"rendered":"https:\/\/adm-adria.nevtron.si\/prod-18\/?page_id=1465"},"modified":"2026-01-28T10:51:03","modified_gmt":"2026-01-28T09:51:03","slug":"zaposlitev","status":"publish","type":"page","link":"https:\/\/adm-adria.si\/en\/o-nas\/zaposlitev\/","title":{"rendered":"Recruitment"},"content":{"rendered":"<h3>Job offers<\/h3>\n<p>ADM Adria is carefully planning new recruitments in line with its business strategy and therefore the need for new employees. We therefore invite you to keep an eye on the vacancies posted on our website.<\/p>\n\n\n<blockquote class=\"wp-block-quote is-layout-flow wp-block-quote-is-layout-flow\">\n<p class=\"has-ast-global-color-0-color has-text-color has-link-color wp-elements-84dead0db8481b6dbc33e8e03d2488d4\" style=\"border-style:none;border-width:0px;font-size:18px\"><strong>If you think your profile would be a good fit for our company in the future, contact us.<\/strong><br><strong>Po\u0161ljite nam svoj \u017eivljenjepis (CV) na <a href=\"mailto:info@adm-adria.eu\">info@adm-adria.eu<\/a> in se s tem vpi\u0161ite v na\u0161o zaposlitveno bazo potencialnih novih sodelavcev.<\/strong><\/p>\n<\/blockquote>\n\n\n\n<p><a href=\"https:\/\/adm-adria.si\/en\/o-nas\/zaposlitev\/pretekle-objave-za-zasedbo-delovnih-mest\/\">Past vacancies<\/a><\/p>\n\n\n\n<p><\/p>","protected":false},"excerpt":{"rendered":"<p>Ponudba delovnih mest V podjetju ADM Adria skladno s poslovno strategijo skrbno na\u010drtujemo nove zaposlitve in s tem potrebe po novih sodelavcih. Zato vas vabimo, da spremljate objavljena prosta delovna mesta na na\u0161i spletni strani. \u010ce ocenjujete, da bi v prihodnje va\u0161 profil ustrezal na\u0161emu podjetju, smo vam vsekakor pripravljeni prisluhniti.Po\u0161ljite nam svoj \u017eivljenjepis (CV) [&hellip;]<\/p>\n","protected":false},"author":1,"featured_media":0,"parent":882,"menu_order":0,"comment_status":"closed","ping_status":"closed","template":"","meta":{"site-sidebar-layout":"default","site-content-layout":"default","ast-site-content-layout":"default","site-content-style":"default","site-sidebar-style":"default","ast-global-header-display":"","ast-banner-title-visibility":"","ast-main-header-display":"","ast-hfb-above-header-display":"","ast-hfb-below-header-display":"","ast-hfb-mobile-header-display":"","site-post-title":"","ast-breadcrumbs-content":"","ast-featured-img":"","footer-sml-layout":"","ast-disable-related-posts":"","theme-transparent-header-meta":"default","adv-header-id-meta":"","stick-header-meta":"","header-above-stick-meta":"","header-main-stick-meta":"","header-below-stick-meta":"","astra-migrate-meta-layouts":"set","ast-page-background-enabled":"default","ast-page-background-meta":{"desktop":{"background-color":"var(--ast-global-color-4)","background-image":"","background-repeat":"repeat","background-position":"center center","background-size":"auto","background-attachment":"scroll","background-type":"","background-media":"","overlay-type":"","overlay-color":"","overlay-opacity":"","overlay-gradient":""},"tablet":{"background-color":"","background-image":"","background-repeat":"repeat","background-position":"center center","background-size":"auto","background-attachment":"scroll","background-type":"","background-media":"","overlay-type":"","overlay-color":"","overlay-opacity":"","overlay-gradient":""},"mobile":{"background-color":"","background-image":"","background-repeat":"repeat","background-position":"center center","background-size":"auto","background-attachment":"scroll","background-type":"","background-media":"","overlay-type":"","overlay-color":"","overlay-opacity":"","overlay-gradient":""}},"ast-content-background-meta":{"desktop":{"background-color":"var(--ast-global-color-5)","background-image":"","background-repeat":"repeat","background-position":"center center","background-size":"auto","background-attachment":"scroll","background-type":"","background-media":"","overlay-type":"","overlay-color":"","overlay-opacity":"","overlay-gradient":""},"tablet":{"background-color":"var(--ast-global-color-5)","background-image":"","background-repeat":"repeat","background-position":"center center","background-size":"auto","background-attachment":"scroll","background-type":"","background-media":"","overlay-type":"","overlay-color":"","overlay-opacity":"","overlay-gradient":""},"mobile":{"background-color":"var(--ast-global-color-5)","background-image":"","background-repeat":"repeat","background-position":"center center","background-size":"auto","background-attachment":"scroll","background-type":"","background-media":"","overlay-type":"","overlay-color":"","overlay-opacity":"","overlay-gradient":""}},"footnotes":""},"class_list":["post-1465","page","type-page","status-publish","hentry"],"_links":{"self":[{"href":"https:\/\/adm-adria.si\/en\/wp-json\/wp\/v2\/pages\/1465","targetHints":{"allow":["GET"]}}],"collection":[{"href":"https:\/\/adm-adria.si\/en\/wp-json\/wp\/v2\/pages"}],"about":[{"href":"https:\/\/adm-adria.si\/en\/wp-json\/wp\/v2\/types\/page"}],"author":[{"embeddable":true,"href":"https:\/\/adm-adria.si\/en\/wp-json\/wp\/v2\/users\/1"}],"replies":[{"embeddable":true,"href":"https:\/\/adm-adria.si\/en\/wp-json\/wp\/v2\/comments?post=1465"}],"version-history":[{"count":26,"href":"https:\/\/adm-adria.si\/en\/wp-json\/wp\/v2\/pages\/1465\/revisions"}],"predecessor-version":[{"id":3789,"href":"https:\/\/adm-adria.si\/en\/wp-json\/wp\/v2\/pages\/1465\/revisions\/3789"}],"up":[{"embeddable":true,"href":"https:\/\/adm-adria.si\/en\/wp-json\/wp\/v2\/pages\/882"}],"wp:attachment":[{"href":"https:\/\/adm-adria.si\/en\/wp-json\/wp\/v2\/media?parent=1465"}],"curies":[{"name":"wp","href":"https:\/\/api.w.org\/{rel}","templated":true}]}}