{"id":1479,"date":"2018-08-07T19:02:45","date_gmt":"2018-08-07T17:02:45","guid":{"rendered":"https:\/\/adm-adria.nevtron.si\/prod-18\/?page_id=1479"},"modified":"2026-01-28T10:42:29","modified_gmt":"2026-01-28T09:42:29","slug":"pretekle-objave-za-zasedbo-delovnih-mest","status":"publish","type":"page","link":"https:\/\/adm-adria.si\/en\/o-nas\/zaposlitev\/pretekle-objave-za-zasedbo-delovnih-mest\/","title":{"rendered":"Past vacancies"},"content":{"rendered":"<div class=\"wp-block-group is-vertical is-layout-flex wp-container-core-group-is-layout-fe9cc265 wp-block-group-is-layout-flex\">\n<h6 class=\"wp-block-heading\"><a href=\"https:\/\/adm-adria.si\/wp-content\/uploads\/2023\/09\/Razpis-za-delovno-mesto-razvojni-inzenir-avgust-23.pdf\" target=\"_blank\" rel=\"noreferrer noopener\"><strong>Razpis za delovno mesto \u2013 RAZVOJNI IN\u017dENIR &#8211; POSLOVNI INFORMATIK (avgust 2023)<\/strong><\/a><\/h6>\n\n\n\n<h6 class=\"wp-block-heading\"><a href=\"https:\/\/adm-adria.si\/wp-content\/uploads\/2023\/09\/Razpis-za-delovno-mesto-prodajni-svetovalec-avgust-23.pdf\" target=\"_blank\" rel=\"noreferrer noopener\"><strong>Razpis za delovno mesto \u2013 PRODAJNI SVETOVALEC &#8211; POSLOVNI INFORMATIK (avgust 2023<\/strong>)<\/a><\/h6>\n\n\n\n<h6 class=\"wp-block-heading\"><a href=\"https:\/\/adm-adria.si\/wp-content\/uploads\/2021\/10\/20211025-Razpis-za-delovno-mesto-%E2%80%93-RAZVOJNI-INZENIR-%E2%80%93-POSLOVNI-INFORMATIK-oktober-2021.pdf\" target=\"_blank\" rel=\"noopener\"><strong>Razpis za delovno mesto \u2013 RAZVOJNI IN\u017dENIR &#8211; POSLOVNI INFORMATIK (oktober 2021)<\/strong><\/a><\/h6>\n\n\n\n<h6 class=\"wp-block-heading\"><a href=\"https:\/\/adm-adria.si\/wp-content\/uploads\/2021\/11\/20211105-Razpis-za-delovno-mesto-%E2%80%93-Racunalnicar-diplomant-zacetnik-november-2021.pdf\" target=\"_blank\" rel=\"noopener\"><strong>Razpis za delovno mesto \u2013 RA\u010cUNALNI\u010cAR &#8211; diplomant \/ za\u010detnik (november 2021)<\/strong><\/a><\/h6>\n\n\n\n<h6 class=\"wp-block-heading\"><strong> <a href=\"https:\/\/adm-adria.si\/wp-content\/uploads\/2021\/10\/20210701-Razpis-za-delovno-mesto-%E2%80%93-RACUNALNISKI-%E2%80%93-INZENIR-PROGRAMER-julij-2021.pdf\" target=\"_blank\" rel=\"noopener\">Razpis za delovno mesto \u2013 RA\u010cUNALNI\u0160KI \u2013 IN\u017dENIR PROGRAMER (julij 2021)<\/a><\/strong><\/h6>\n\n\n\n<h6 class=\"wp-block-heading\"><a href=\"https:\/\/adm-adria.si\/wp-content\/uploads\/2020\/02\/Razpis-za-delovno-mesto-%E2%80%93-RA%C4%8CUNALNI%C5%A0KI-%E2%80%93-IN%C5%BDENIR-PROGRAMER-februar-2020-1.pdf\" target=\"_blank\" rel=\"noopener noreferrer\"><strong>Razpis za delovno mesto \u2013 RA\u010cUNALNI\u0160KI PROGRAMER \u2013 TEHNIK (februar 2020)<\/strong><\/a><\/h6>\n\n\n\n<h6 class=\"wp-block-heading\"><a href=\"https:\/\/adm-adria.si\/wp-content\/uploads\/2018\/08\/Razpis-za-delovno-mesto-RA\u010cUNALNI\u0160KI-PROGRAMER-TEHNIK2.pdf\" target=\"_blank\" rel=\"noopener noreferrer\"><strong>Razpis za delovno mesto \u2013 RA\u010cUNALNI\u0160KI PROGRAMER &#8211; TEHNIK (julij 2018)<\/strong><\/a><\/h6>\n\n\n\n<h6 class=\"wp-block-heading\"><a href=\"https:\/\/adm-adria.si\/wp-content\/uploads\/2018\/08\/Razpis-za-delovno-mesto-RA\u010cUNALNI\u0160KI-PROGRAMER-TEHNIK.pdf\" target=\"_blank\" rel=\"attachment noopener wp-att-1482 noreferrer\"><strong>Razpis za delovno mesto &#8211; RA\u010cUNALNI\u0160KI PROGRAMER &#8211; TEHNIK (februar 2018)<\/strong><\/a><\/h6>\n\n\n\n<h6 class=\"wp-block-heading\"><a href=\"https:\/\/adm-adria.si\/wp-content\/uploads\/2018\/08\/Razpis-za-delovno-mesto-RA\u010cUNALNI\u0160KI-IN\u017dENIR.pdf\" target=\"_blank\" rel=\"attachment noopener wp-att-1483 noreferrer\"><strong>Razpis za delovno mesto &#8211; RA\u010cUNALNI\u0160KI IN\u017dENIR (marec 2017)\u00a0<\/strong><\/a><\/h6>\n<\/div>\n\n\n\n<p><\/p>","protected":false},"excerpt":{"rendered":"<p>Razpis za delovno mesto \u2013 RAZVOJNI IN\u017dENIR &#8211; POSLOVNI INFORMATIK (avgust 2023) Razpis za delovno mesto \u2013 PRODAJNI SVETOVALEC &#8211; POSLOVNI INFORMATIK (avgust 2023) Razpis za delovno mesto \u2013 RAZVOJNI IN\u017dENIR &#8211; POSLOVNI INFORMATIK (oktober 2021) Razpis za delovno mesto \u2013 RA\u010cUNALNI\u010cAR &#8211; diplomant \/ za\u010detnik (november 2021) Razpis za delovno mesto \u2013 RA\u010cUNALNI\u0160KI \u2013 [&hellip;]<\/p>\n","protected":false},"author":1,"featured_media":0,"parent":1465,"menu_order":0,"comment_status":"closed","ping_status":"closed","template":"","meta":{"site-sidebar-layout":"default","site-content-layout":"default","ast-site-content-layout":"default","site-content-style":"default","site-sidebar-style":"default","ast-global-header-display":"","ast-banner-title-visibility":"","ast-main-header-display":"","ast-hfb-above-header-display":"","ast-hfb-below-header-display":"","ast-hfb-mobile-header-display":"","site-post-title":"","ast-breadcrumbs-content":"","ast-featured-img":"","footer-sml-layout":"","ast-disable-related-posts":"","theme-transparent-header-meta":"default","adv-header-id-meta":"","stick-header-meta":"","header-above-stick-meta":"","header-main-stick-meta":"","header-below-stick-meta":"","astra-migrate-meta-layouts":"set","ast-page-background-enabled":"default","ast-page-background-meta":{"desktop":{"background-color":"var(--ast-global-color-4)","background-image":"","background-repeat":"repeat","background-position":"center center","background-size":"auto","background-attachment":"scroll","background-type":"","background-media":"","overlay-type":"","overlay-color":"","overlay-opacity":"","overlay-gradient":""},"tablet":{"background-color":"","background-image":"","background-repeat":"repeat","background-position":"center center","background-size":"auto","background-attachment":"scroll","background-type":"","background-media":"","overlay-type":"","overlay-color":"","overlay-opacity":"","overlay-gradient":""},"mobile":{"background-color":"","background-image":"","background-repeat":"repeat","background-position":"center center","background-size":"auto","background-attachment":"scroll","background-type":"","background-media":"","overlay-type":"","overlay-color":"","overlay-opacity":"","overlay-gradient":""}},"ast-content-background-meta":{"desktop":{"background-color":"var(--ast-global-color-5)","background-image":"","background-repeat":"repeat","background-position":"center center","background-size":"auto","background-attachment":"scroll","background-type":"","background-media":"","overlay-type":"","overlay-color":"","overlay-opacity":"","overlay-gradient":""},"tablet":{"background-color":"var(--ast-global-color-5)","background-image":"","background-repeat":"repeat","background-position":"center center","background-size":"auto","background-attachment":"scroll","background-type":"","background-media":"","overlay-type":"","overlay-color":"","overlay-opacity":"","overlay-gradient":""},"mobile":{"background-color":"var(--ast-global-color-5)","background-image":"","background-repeat":"repeat","background-position":"center center","background-size":"auto","background-attachment":"scroll","background-type":"","background-media":"","overlay-type":"","overlay-color":"","overlay-opacity":"","overlay-gradient":""}},"footnotes":""},"class_list":["post-1479","page","type-page","status-publish","hentry"],"_links":{"self":[{"href":"https:\/\/adm-adria.si\/en\/wp-json\/wp\/v2\/pages\/1479","targetHints":{"allow":["GET"]}}],"collection":[{"href":"https:\/\/adm-adria.si\/en\/wp-json\/wp\/v2\/pages"}],"about":[{"href":"https:\/\/adm-adria.si\/en\/wp-json\/wp\/v2\/types\/page"}],"author":[{"embeddable":true,"href":"https:\/\/adm-adria.si\/en\/wp-json\/wp\/v2\/users\/1"}],"replies":[{"embeddable":true,"href":"https:\/\/adm-adria.si\/en\/wp-json\/wp\/v2\/comments?post=1479"}],"version-history":[{"count":18,"href":"https:\/\/adm-adria.si\/en\/wp-json\/wp\/v2\/pages\/1479\/revisions"}],"predecessor-version":[{"id":3775,"href":"https:\/\/adm-adria.si\/en\/wp-json\/wp\/v2\/pages\/1479\/revisions\/3775"}],"up":[{"embeddable":true,"href":"https:\/\/adm-adria.si\/en\/wp-json\/wp\/v2\/pages\/1465"}],"wp:attachment":[{"href":"https:\/\/adm-adria.si\/en\/wp-json\/wp\/v2\/media?parent=1479"}],"curies":[{"name":"wp","href":"https:\/\/api.w.org\/{rel}","templated":true}]}}