{"id":1565,"date":"2018-08-08T14:18:02","date_gmt":"2018-08-08T12:18:02","guid":{"rendered":"https:\/\/adm-adria.nevtron.si\/prod-18\/?page_id=1565"},"modified":"2021-11-08T11:32:02","modified_gmt":"2021-11-08T10:32:02","slug":"nas-ala-adm-adria-pristop","status":"publish","type":"page","link":"https:\/\/adm-adria.si\/en\/storitve\/nas-ala-adm-adria-pristop\/","title":{"rendered":"Our ADM-Adria approach"},"content":{"rendered":"<p>V podjetju nudimo unikatno in inovativno storitev &#8220;Pristop ALA ADM-Adria&#8221;, ki jo sestavlja skupek storitev.<\/p>\n<blockquote><p><strong>ala ADM &#8211; Adria inovativni pristop k stranki<\/strong><\/p><\/blockquote>\n<p>Osnova pristopa je ugotovitev in razumevanju potreb na\u0161ih strank. Podjetje nudi storitev celovite umestitve poslovne programske re\u0161itve v okolje naro\u010dnika \u2013 tj. \u00bbre\u0161itev na klju\u010d\u00ab, pri kateri mora sodelovati projektna skupina naro\u010dnika.<\/p>\n<p>Podjetje pri vzpostavitvi re\u0161itve praviloma nudijo celostno storitev \u2013 tj. koordinacijo projekta, ki je sestavljen iz naslednjih faz:<\/p>\n<p>(1) analiza obstoje\u010dega stanja,<\/p>\n<p>(2) dolo\u010ditev ciljev implementacije re\u0161itve,<\/p>\n<p>(3) na\u010drtovanje projekta in priprava projektnega elaborata,<\/p>\n<p>(4) priprava in izvedba P. o. C (pilotni projekt) ter (morebitna) dopolnitev projektnega elaborata,<\/p>\n<p>(5) izvedba projekta in<\/p>\n<p>(6) vzdr\u017eevanje re\u0161itve in podpora ter poprodajne aktivnosti.<\/p>\n<blockquote><p>Pristop omogo\u010damo, da se na\u010din dela spreminja glede na zahteve strank, ki se razlikujejo glede samega poslovanja in interne organizacije dela. Vsekakor je \u017eelja pri pristopu osnovne korake oziroma faze ohraniti, saj predstavljajo strukturno delovanje podjetja. Tako se zagotovi uspe\u0161no opravljeno delo v predvidenih rokih in znotraj predvidenih \u010dasovnih okvirjev.<\/p><\/blockquote>\n<h2>(1) Analiza obstoje\u010dega stanja<\/h2>\n<p>ADM &#8211; Adria pri predstavitvi poslovnih programskih re\u0161itev izhaja vedno iz potreb in \u017eelja svojih poslovnih partnerjev. Pri pogovorih s partnerji se identificirajo ozka grla v delovanju informacijskega sistema, ki se lahko ka\u017ee v slab\u0161i odzivnosti, zmanj\u0161ani preglednosti ali drugi potrebi optimizacije delovanja informacijskega sistema. Glede na tip ozkega grla ter poznavanja delovanja informacijskega sistema stranke se ji nudi pomo\u010d ali re\u0161itev za izbolj\u0161anje delovanja informacijskega sistema. Izvede se podrobna in poglobljena analiza stanja informacijskega sistema. Analiza predstavlja smernice zagotavljanja kar najve\u010dje stopnje zdru\u017eljivosti predlagane tehni\u010dne re\u0161itve z obstoje\u010dim informacijskim sistemom stranke.<\/p>\n<blockquote><p>Podro\u010dja dela, za katere posedujemo ekspertna znanja, se nana\u0161ajo na problematiko, ki jih re\u0161ujejo produkti palete proizvajalcev Quest Software Inc. in One Identity Inc. (<a href=\"https:\/\/adm-adria.si\/en\/resitve\/\" target=\"_blank\" rel=\"noopener\">Solutions<\/a>).<\/p><\/blockquote>\n<p>Ob identifikaciji ozkega grla pri stranki\u00a0 se pripravi predstavitev problematike ter predlog in pregled re\u0161itev, ki lahko stranki pomagajo pri re\u0161evanju ovire v prostem delovanju informacijskega sistema.<\/p>\n<h2>(2) Dolo\u010ditev ciljev implementacije in (3) na\u010drtovanje projekta in priprava projektnega elaborata<\/h2>\n<p>Glede na opravljeno in predstavljeno analizo informacijskega sistema stranke se pripravi predlog tehni\u010dne re\u0161itve, pri \u010demer se poleg re\u0161evanja identificirane problematike upo\u0161teva tudi velikost in obseg uporabe re\u0161itve (sizing). Velikost in obseg, ter jasno dolo\u010deno izhodi\u0161\u010dno stanje ter jasno dolo\u010deno in potrjeno kon\u010dno stanje (cilji) predstavljajo dovolj mo\u010dno izhodi\u0161\u010de za pripravo projektnega elaborata.<\/p>\n<p>Na podlagi dolo\u010denih ciljev se izvede na\u010drtovanje poteka projekta in priprava projektnega elaborata, ki vklju\u010duje nabor potrebnih funkcionalnosti re\u0161itve ter jasno dolo\u010den in razumljiv obseg ter vsebino glede pri\u010dakovane re\u0161itve. Elaborat pregleda in potrdi naro\u010dnik.<\/p>\n<blockquote><p>Stranka in njeno zadovoljstvo je za zaposlene v dru\u017ebi ADM Adria osnovnega pomena. Enako se pri\u010dakuje od strank.<\/p><\/blockquote>\n<p>Pri izbiri partnerja za izvedbo implementacije izbrane re\u0161itve je strankam na voljo: (1) sodelovanje neposredno s podjetjem ADM Adria; (2) sodelovanje s strokovno ekipo proizvajalca; (3)\u00a0sodelovanje s partnerji proizvajalca po priporo\u010dilu podjetja ADM &#8211; Adria ali po priporo\u010dilu stranke; (4) kombinacija &#8211; sodelovanje z me\u0161anim timom.<\/p>\n<p>Faza na\u010drtovanja projekta in priprave projektnega elaborata se zaklju\u010di s podpisanim dogovorom o sodelovanju ter izbiro partnerja\u00a0za izvedbo projekta.<\/p>\n<h2>(4) Priprava in izvedba P.o.C. (pilotnega projekta)<\/h2>\n<p>Izvedba pilotnega projekta (P.O.C. &#8211; Proof of Concept) pri stranki je projektna faza, od katere se odstopi samo in zgolj na izrecno \u017eeljo stranke. Predstavlja fazo kjer se re\u0161itev postavi na testnem okolju in s testnimi podatki, ki\u00a0 predstavljajo nabor in obseg okolja, primerljivega produkcijskemu okolju stranke.<\/p>\n<p>Izvedba P.o.C. predstavlja pomembno fazo, saj se v njej odrazijo morebitne tehni\u010dne pomanjkljivosti, ki jih je potrebno pred izvedbo projekta odpraviti ali pa dodatno preveriti.<\/p>\n<p>Faza priprave in izvedbe pilotnega projekta se kon\u010da z izjavo o uspe\u0161no izvedenem pilotnem projektu (P.o.C.), ki ga podpi\u0161e stranka. Izjava vsebuje ugotovitve ter morebitna tehni\u010dna dopolnila projektnega elaborata.<\/p>\n<blockquote><p>Izvedba projekta je osnovana na izvedbi P.o.C. in dopolnil projektnega elaborata.<\/p><\/blockquote>\n<h2>(5) Izvedba projekta<\/h2>\n<p>Izvedba projekta se izvede glede na \u010dasovni termin, kot je dolo\u010den v projektnem elaboratu. Vklju\u010denost podjetja ADM Adria v fazo izvedbe projekta je odvisna od \u017eelja in zahtev stranke. Vsekakor pa je vloga podjetja ADM Adria, da zagotovi za izvedbo projekta vso potrebno strokovno in kadrovsko pomo\u010d.<\/p>\n<p>V primeru, da se stranka odlo\u010di za izvajanje projekta preko partnerskega podjetja, ADM Adria bdi nad izvajanjem projekta, vklju\u010di pa se po potrebi ob predhodnem dogovoru s stranko.<\/p>\n<blockquote><p>Faza izvedbe projekta se zaklju\u010di s podpisom zaklju\u010dnega poro\u010dila projekta, ki velja kot prevzemni zapisnik delujo\u010de re\u0161itve.<\/p><\/blockquote>\n<h2>(6) Vzdr\u017eevanje re\u0161itve in podpora ter poprodajne aktivnosti<\/h2>\n<p>Vzpostavljena re\u0161itev predstavlja delujo\u010do celoto v smislu procesa dela ter tehni\u010dne re\u0161itve, ki je vzpostavljena in podpira poslovni proces. Seveda to predstavlja zgolj zaklju\u010dek projekta, kar pomeni, da se z uporabo re\u0161itve pojavi nov proces.<\/p>\n<blockquote><p>Uporabna vrednost re\u0161itve se pri\u010dne kazati \u0161ele z njeno uporabo &#8211; ta filozofija je klju\u010dna v samem odnosu do stranke.<\/p><\/blockquote>\n<p>Proces vzdr\u017eevanja re\u0161itev predstavlja tako vzdr\u017eevanje poslovnih programskih re\u0161itev (zagotavljanje aktualnih razli\u010dic programske opreme), kot tudi redno komuniciranje in posvetovanje s stranko glede zadovoljstva s samo re\u0161itvijo ter mo\u017enostmi dodatne uporabnosti.<\/p>\n<blockquote><p>Faza vzdr\u017eevanja re\u0161itve in podpore se pri\u010dne s podpisom vzdr\u017eevalne pogodbe.<\/p><\/blockquote>","protected":false},"excerpt":{"rendered":"<p>V podjetju nudimo unikatno in inovativno storitev &#8220;Pristop ALA ADM-Adria&#8221;, ki jo sestavlja skupek storitev. ala ADM &#8211; Adria inovativni pristop k stranki Osnova pristopa je ugotovitev in razumevanju potreb na\u0161ih strank. Podjetje nudi storitev celovite umestitve poslovne programske re\u0161itve v okolje naro\u010dnika \u2013 tj. \u00bbre\u0161itev na klju\u010d\u00ab, pri kateri mora sodelovati projektna skupina naro\u010dnika. [&hellip;]<\/p>\n","protected":false},"author":1,"featured_media":0,"parent":1141,"menu_order":0,"comment_status":"closed","ping_status":"closed","template":"","meta":{"site-sidebar-layout":"default","site-content-layout":"","ast-site-content-layout":"default","site-content-style":"default","site-sidebar-style":"default","ast-global-header-display":"","ast-banner-title-visibility":"","ast-main-header-display":"","ast-hfb-above-header-display":"","ast-hfb-below-header-display":"","ast-hfb-mobile-header-display":"","site-post-title":"","ast-breadcrumbs-content":"","ast-featured-img":"","footer-sml-layout":"","ast-disable-related-posts":"","theme-transparent-header-meta":"","adv-header-id-meta":"","stick-header-meta":"","header-above-stick-meta":"","header-main-stick-meta":"","header-below-stick-meta":"","astra-migrate-meta-layouts":"default","ast-page-background-enabled":"default","ast-page-background-meta":{"desktop":{"background-color":"var(--ast-global-color-4)","background-image":"","background-repeat":"repeat","background-position":"center center","background-size":"auto","background-attachment":"scroll","background-type":"","background-media":"","overlay-type":"","overlay-color":"","overlay-opacity":"","overlay-gradient":""},"tablet":{"background-color":"","background-image":"","background-repeat":"repeat","background-position":"center center","background-size":"auto","background-attachment":"scroll","background-type":"","background-media":"","overlay-type":"","overlay-color":"","overlay-opacity":"","overlay-gradient":""},"mobile":{"background-color":"","background-image":"","background-repeat":"repeat","background-position":"center center","background-size":"auto","background-attachment":"scroll","background-type":"","background-media":"","overlay-type":"","overlay-color":"","overlay-opacity":"","overlay-gradient":""}},"ast-content-background-meta":{"desktop":{"background-color":"var(--ast-global-color-5)","background-image":"","background-repeat":"repeat","background-position":"center center","background-size":"auto","background-attachment":"scroll","background-type":"","background-media":"","overlay-type":"","overlay-color":"","overlay-opacity":"","overlay-gradient":""},"tablet":{"background-color":"var(--ast-global-color-5)","background-image":"","background-repeat":"repeat","background-position":"center center","background-size":"auto","background-attachment":"scroll","background-type":"","background-media":"","overlay-type":"","overlay-color":"","overlay-opacity":"","overlay-gradient":""},"mobile":{"background-color":"var(--ast-global-color-5)","background-image":"","background-repeat":"repeat","background-position":"center center","background-size":"auto","background-attachment":"scroll","background-type":"","background-media":"","overlay-type":"","overlay-color":"","overlay-opacity":"","overlay-gradient":""}},"footnotes":""},"class_list":["post-1565","page","type-page","status-publish","hentry"],"_links":{"self":[{"href":"https:\/\/adm-adria.si\/en\/wp-json\/wp\/v2\/pages\/1565","targetHints":{"allow":["GET"]}}],"collection":[{"href":"https:\/\/adm-adria.si\/en\/wp-json\/wp\/v2\/pages"}],"about":[{"href":"https:\/\/adm-adria.si\/en\/wp-json\/wp\/v2\/types\/page"}],"author":[{"embeddable":true,"href":"https:\/\/adm-adria.si\/en\/wp-json\/wp\/v2\/users\/1"}],"replies":[{"embeddable":true,"href":"https:\/\/adm-adria.si\/en\/wp-json\/wp\/v2\/comments?post=1565"}],"version-history":[{"count":12,"href":"https:\/\/adm-adria.si\/en\/wp-json\/wp\/v2\/pages\/1565\/revisions"}],"predecessor-version":[{"id":3199,"href":"https:\/\/adm-adria.si\/en\/wp-json\/wp\/v2\/pages\/1565\/revisions\/3199"}],"up":[{"embeddable":true,"href":"https:\/\/adm-adria.si\/en\/wp-json\/wp\/v2\/pages\/1141"}],"wp:attachment":[{"href":"https:\/\/adm-adria.si\/en\/wp-json\/wp\/v2\/media?parent=1565"}],"curies":[{"name":"wp","href":"https:\/\/api.w.org\/{rel}","templated":true}]}}