{"id":1570,"date":"2018-08-08T14:38:32","date_gmt":"2018-08-08T12:38:32","guid":{"rendered":"https:\/\/adm-adria.nevtron.si\/prod-18\/?page_id=1570"},"modified":"2018-08-10T09:51:52","modified_gmt":"2018-08-10T07:51:52","slug":"seminar-podatki-vasi-kronski-dragulji","status":"publish","type":"page","link":"https:\/\/adm-adria.si\/en\/raziskave-in-razvoj\/seminar-podatki-vasi-kronski-dragulji\/","title":{"rendered":"Seminar: \"Data, your crown jewels!\""},"content":{"rendered":"<blockquote><p><strong>Seminar o varovanju in za\u0161\u010diti podatkov<\/strong><\/p>\n<h6>Ljubljana, februar 2017<\/h6>\n<\/blockquote>\n<p><em>Iz dneva v dan se pojavlja vedno ve\u010dja potreba po zbiranju podatkov, njihovi obdelavi in interpretaciji. Koli\u010dine zbranih podatkov rastejo pribli\u017eno s faktorjem 50 na 10 let. Struktura zajetih podatkov je prilagojena posameznemu podro\u010dju uporabe (trgovina, banke, znanost, zdravstvo, dr\u017eavna uprava itd.).<\/em><em>Tako velike in raznolike informacije kar vabijo k dodatnim obdelavam, za katere zbiranje teh podatkov ni bilo osnovni namen. Tak\u0161na neprimerna uporaba le-teh pa lahko zelo hitro predstavlja poseg v \u010dlovekovo zasebnost, s tem pa kr\u0161itev pravil, ki sta jih uvedla Republika Slovenija in EU.<\/em><\/p>\n<p><em><strong>Na dogodku je bila predstavljena u\u010dinkovita za\u0161\u010dita podatkov in podatkovnih baz z orodji priznanega proizvajalca Intel Security \/ McAfee.<\/strong><\/em><\/p>\n<blockquote><p>Agenda:<\/p>\n<ul>\n<li><sup>(09:30 \u2013 10:00)<\/sup>\u00a0 Prihod, registracija, kava dobrodo\u0161lice<\/li>\n<li><sup>(10:00 \u2013 10:10)<\/sup>\u00a0 Pozdrav organizatorja\u00a0<em>(Andrej Bo\u017ei\u010dek)<\/em><\/li>\n<li><sup>(10:10 \u2013 11:45)<\/sup>\u00a0 &#8220;Protecting Your Crown Jewels with McAfee Database Security \u2013 Overview and Best Practices\u201c\u00a0<em>(Tal Moshe)<\/em><\/li>\n<li><sup>(11:45 \u2013 12:15)<\/sup>\u00a0 \u00a0Odmor za kavo<\/li>\n<li><sup>(12:15 \u2013 14:00)<\/sup>\u00a0 &#8220;How to prepare for the EU\u2019s GDPR with McAfee\u201c\u00a0<em>(Tamas Barna)<\/em><\/li>\n<li><sup>(14:00\u00a0\u2013 \u00a0 \u00a0 \u00a0 \u00a0 )\u00a0<\/sup>Zaklju\u010dek s kosilom in dru\u017eenje<\/li>\n<\/ul>\n<\/blockquote>","protected":false},"excerpt":{"rendered":"<p>Seminar o varovanju in za\u0161\u010diti podatkov Ljubljana, februar 2017 Iz dneva v dan se pojavlja vedno ve\u010dja potreba po zbiranju podatkov, njihovi obdelavi in interpretaciji. Koli\u010dine zbranih podatkov rastejo pribli\u017eno s faktorjem 50 na 10 let. Struktura zajetih podatkov je prilagojena posameznemu podro\u010dju uporabe (trgovina, banke, znanost, zdravstvo, dr\u017eavna uprava itd.).Tako velike in raznolike informacije [&hellip;]<\/p>\n","protected":false},"author":1,"featured_media":0,"parent":879,"menu_order":0,"comment_status":"closed","ping_status":"closed","template":"","meta":{"site-sidebar-layout":"default","site-content-layout":"","ast-site-content-layout":"default","site-content-style":"default","site-sidebar-style":"default","ast-global-header-display":"","ast-banner-title-visibility":"","ast-main-header-display":"","ast-hfb-above-header-display":"","ast-hfb-below-header-display":"","ast-hfb-mobile-header-display":"","site-post-title":"","ast-breadcrumbs-content":"","ast-featured-img":"","footer-sml-layout":"","ast-disable-related-posts":"","theme-transparent-header-meta":"","adv-header-id-meta":"","stick-header-meta":"","header-above-stick-meta":"","header-main-stick-meta":"","header-below-stick-meta":"","astra-migrate-meta-layouts":"default","ast-page-background-enabled":"default","ast-page-background-meta":{"desktop":{"background-color":"var(--ast-global-color-4)","background-image":"","background-repeat":"repeat","background-position":"center center","background-size":"auto","background-attachment":"scroll","background-type":"","background-media":"","overlay-type":"","overlay-color":"","overlay-opacity":"","overlay-gradient":""},"tablet":{"background-color":"","background-image":"","background-repeat":"repeat","background-position":"center center","background-size":"auto","background-attachment":"scroll","background-type":"","background-media":"","overlay-type":"","overlay-color":"","overlay-opacity":"","overlay-gradient":""},"mobile":{"background-color":"","background-image":"","background-repeat":"repeat","background-position":"center center","background-size":"auto","background-attachment":"scroll","background-type":"","background-media":"","overlay-type":"","overlay-color":"","overlay-opacity":"","overlay-gradient":""}},"ast-content-background-meta":{"desktop":{"background-color":"var(--ast-global-color-5)","background-image":"","background-repeat":"repeat","background-position":"center center","background-size":"auto","background-attachment":"scroll","background-type":"","background-media":"","overlay-type":"","overlay-color":"","overlay-opacity":"","overlay-gradient":""},"tablet":{"background-color":"var(--ast-global-color-5)","background-image":"","background-repeat":"repeat","background-position":"center center","background-size":"auto","background-attachment":"scroll","background-type":"","background-media":"","overlay-type":"","overlay-color":"","overlay-opacity":"","overlay-gradient":""},"mobile":{"background-color":"var(--ast-global-color-5)","background-image":"","background-repeat":"repeat","background-position":"center center","background-size":"auto","background-attachment":"scroll","background-type":"","background-media":"","overlay-type":"","overlay-color":"","overlay-opacity":"","overlay-gradient":""}},"footnotes":""},"class_list":["post-1570","page","type-page","status-publish","hentry"],"_links":{"self":[{"href":"https:\/\/adm-adria.si\/en\/wp-json\/wp\/v2\/pages\/1570","targetHints":{"allow":["GET"]}}],"collection":[{"href":"https:\/\/adm-adria.si\/en\/wp-json\/wp\/v2\/pages"}],"about":[{"href":"https:\/\/adm-adria.si\/en\/wp-json\/wp\/v2\/types\/page"}],"author":[{"embeddable":true,"href":"https:\/\/adm-adria.si\/en\/wp-json\/wp\/v2\/users\/1"}],"replies":[{"embeddable":true,"href":"https:\/\/adm-adria.si\/en\/wp-json\/wp\/v2\/comments?post=1570"}],"version-history":[{"count":4,"href":"https:\/\/adm-adria.si\/en\/wp-json\/wp\/v2\/pages\/1570\/revisions"}],"predecessor-version":[{"id":1598,"href":"https:\/\/adm-adria.si\/en\/wp-json\/wp\/v2\/pages\/1570\/revisions\/1598"}],"up":[{"embeddable":true,"href":"https:\/\/adm-adria.si\/en\/wp-json\/wp\/v2\/pages\/879"}],"wp:attachment":[{"href":"https:\/\/adm-adria.si\/en\/wp-json\/wp\/v2\/media?parent=1570"}],"curies":[{"name":"wp","href":"https:\/\/api.w.org\/{rel}","templated":true}]}}