{"id":1572,"date":"2018-08-08T14:39:30","date_gmt":"2018-08-08T12:39:30","guid":{"rendered":"https:\/\/adm-adria.nevtron.si\/prod-18\/?page_id=1572"},"modified":"2018-08-10T09:52:01","modified_gmt":"2018-08-10T07:52:01","slug":"dogodek-nadzor-in-zascita-podatkov","status":"publish","type":"page","link":"https:\/\/adm-adria.si\/en\/raziskave-in-razvoj\/dogodek-nadzor-in-zascita-podatkov\/","title":{"rendered":"Event: Data management and data protection"},"content":{"rendered":"<blockquote><p><strong>Dogodek o za\u0161\u010diti podatkov in razli\u010dnih varnostnih izzivih.<\/strong><\/p>\n<h6><span style=\"font-size: 14px;\">Ljubljana, januar 2015<\/span><\/h6>\n<\/blockquote>\n<p>Prikazali smo sodobne re\u0161itve, ki prihranijo \u010das in denar:<\/p>\n<ul>\n<li><em>Hitra, u\u010dinkovita in enostavna re\u0161itev potreb po revizijski sledi v sistemih!<\/em><\/li>\n<li><em>Kako lahko nadzorujemo nadzornika in vse kar po\u010dne v sistemu?<\/em><\/li>\n<li><em>Nova generacija re\u0161itev, usmerjenih v nadzor vsebine in varnosti omre\u017eij!<\/em><\/li>\n<li><em>Hitro, u\u010dinkovito in prostorsko nepotratno ustvarjanje varnostnih kopij!<\/em><\/li>\n<\/ul>\n<p>&nbsp;<\/p>\n<p><em><strong>Rezervne lokacije morajo imeti podatke, ki so stare najve\u010d eno uro in ne en dan&#8230; in predstavili smo re\u0161itev!<\/strong><\/em><\/p>\n<p>&nbsp;<\/p>\n<blockquote><p>Agenda:<\/p>\n<ul>\n<li>(09.30 \u2013 10.00)\u00a0 Prihod in registracija<\/li>\n<li>(10.00 \u2013 10.15)\u00a0 Pozdrav organizatorja<\/li>\n<li>(10.15 \u2013 11.00)\u00a0 Revizijska sled \u2013 Change Auditor\u00a0<em>(Denis Mekinda)<\/em><\/li>\n<li>(11.00 \u2013 11.45)\u00a0 TPAM \u2013 nadzor priviligiranih uporabnikov\u00a0<em>(Denis Mekinda)<\/em><\/li>\n<li>(11.45 \u2013 12.00)\u00a0 Odmor za kavo<\/li>\n<li>(12.00 \u2013 12.45)\u00a0 SonicWALL omre\u017ene re\u0161itve\u00a0<em>(Dalibor Kruljac)<\/em><\/li>\n<li><em>(<\/em>12.45 \u2013 13.30)\u00a0 AppAssure \u2013 zanesljiv backup, replikacija, verifikacija in restore va\u0161ih podatkov\u00a0<em>(Denis Mekinda)<\/em><\/li>\n<li>(13:30\u00a0\u2013 \u00a0 \u00a0 \u00a0 \u00a0 \u00a0) \u00a0\u00a0Zaklju\u010dek s kosilom in dru\u017eenje<\/li>\n<\/ul>\n<\/blockquote>\n<h6><\/h6>\n<blockquote>\n<h6><em>Denis Mekinda, \u00a0svetovalec za Quest re\u0161itve; ADM-Adria d.o.o.<br \/>\n<\/em><em>Dalibor Kruljac, Regional manager CEE\/SEE\/ Poland, Dell | SonicWALL<\/em><\/h6>\n<\/blockquote>","protected":false},"excerpt":{"rendered":"<p>Dogodek o za\u0161\u010diti podatkov in razli\u010dnih varnostnih izzivih. Ljubljana, januar 2015 Prikazali smo sodobne re\u0161itve, ki prihranijo \u010das in denar: Hitra, u\u010dinkovita in enostavna re\u0161itev potreb po revizijski sledi v sistemih! Kako lahko nadzorujemo nadzornika in vse kar po\u010dne v sistemu? Nova generacija re\u0161itev, usmerjenih v nadzor vsebine in varnosti omre\u017eij! Hitro, u\u010dinkovito in prostorsko [&hellip;]<\/p>\n","protected":false},"author":1,"featured_media":0,"parent":879,"menu_order":0,"comment_status":"closed","ping_status":"closed","template":"","meta":{"site-sidebar-layout":"default","site-content-layout":"","ast-site-content-layout":"default","site-content-style":"default","site-sidebar-style":"default","ast-global-header-display":"","ast-banner-title-visibility":"","ast-main-header-display":"","ast-hfb-above-header-display":"","ast-hfb-below-header-display":"","ast-hfb-mobile-header-display":"","site-post-title":"","ast-breadcrumbs-content":"","ast-featured-img":"","footer-sml-layout":"","ast-disable-related-posts":"","theme-transparent-header-meta":"","adv-header-id-meta":"","stick-header-meta":"","header-above-stick-meta":"","header-main-stick-meta":"","header-below-stick-meta":"","astra-migrate-meta-layouts":"default","ast-page-background-enabled":"default","ast-page-background-meta":{"desktop":{"background-color":"var(--ast-global-color-4)","background-image":"","background-repeat":"repeat","background-position":"center center","background-size":"auto","background-attachment":"scroll","background-type":"","background-media":"","overlay-type":"","overlay-color":"","overlay-opacity":"","overlay-gradient":""},"tablet":{"background-color":"","background-image":"","background-repeat":"repeat","background-position":"center center","background-size":"auto","background-attachment":"scroll","background-type":"","background-media":"","overlay-type":"","overlay-color":"","overlay-opacity":"","overlay-gradient":""},"mobile":{"background-color":"","background-image":"","background-repeat":"repeat","background-position":"center center","background-size":"auto","background-attachment":"scroll","background-type":"","background-media":"","overlay-type":"","overlay-color":"","overlay-opacity":"","overlay-gradient":""}},"ast-content-background-meta":{"desktop":{"background-color":"var(--ast-global-color-5)","background-image":"","background-repeat":"repeat","background-position":"center center","background-size":"auto","background-attachment":"scroll","background-type":"","background-media":"","overlay-type":"","overlay-color":"","overlay-opacity":"","overlay-gradient":""},"tablet":{"background-color":"var(--ast-global-color-5)","background-image":"","background-repeat":"repeat","background-position":"center center","background-size":"auto","background-attachment":"scroll","background-type":"","background-media":"","overlay-type":"","overlay-color":"","overlay-opacity":"","overlay-gradient":""},"mobile":{"background-color":"var(--ast-global-color-5)","background-image":"","background-repeat":"repeat","background-position":"center center","background-size":"auto","background-attachment":"scroll","background-type":"","background-media":"","overlay-type":"","overlay-color":"","overlay-opacity":"","overlay-gradient":""}},"footnotes":""},"class_list":["post-1572","page","type-page","status-publish","hentry"],"_links":{"self":[{"href":"https:\/\/adm-adria.si\/en\/wp-json\/wp\/v2\/pages\/1572","targetHints":{"allow":["GET"]}}],"collection":[{"href":"https:\/\/adm-adria.si\/en\/wp-json\/wp\/v2\/pages"}],"about":[{"href":"https:\/\/adm-adria.si\/en\/wp-json\/wp\/v2\/types\/page"}],"author":[{"embeddable":true,"href":"https:\/\/adm-adria.si\/en\/wp-json\/wp\/v2\/users\/1"}],"replies":[{"embeddable":true,"href":"https:\/\/adm-adria.si\/en\/wp-json\/wp\/v2\/comments?post=1572"}],"version-history":[{"count":14,"href":"https:\/\/adm-adria.si\/en\/wp-json\/wp\/v2\/pages\/1572\/revisions"}],"predecessor-version":[{"id":1596,"href":"https:\/\/adm-adria.si\/en\/wp-json\/wp\/v2\/pages\/1572\/revisions\/1596"}],"up":[{"embeddable":true,"href":"https:\/\/adm-adria.si\/en\/wp-json\/wp\/v2\/pages\/879"}],"wp:attachment":[{"href":"https:\/\/adm-adria.si\/en\/wp-json\/wp\/v2\/media?parent=1572"}],"curies":[{"name":"wp","href":"https:\/\/api.w.org\/{rel}","templated":true}]}}