{"id":1601,"date":"2018-08-10T09:58:05","date_gmt":"2018-08-10T07:58:05","guid":{"rendered":"https:\/\/adm-adria.nevtron.si\/prod-18\/?page_id=1601"},"modified":"2018-08-10T10:40:06","modified_gmt":"2018-08-10T08:40:06","slug":"dogodek-spopad-z-gdpr-od-a-do-z","status":"publish","type":"page","link":"https:\/\/adm-adria.si\/en\/raziskave-in-razvoj\/dogodek-spopad-z-gdpr-od-a-do-z\/","title":{"rendered":"Event: Tackling GDPR from A to Z"},"content":{"rendered":"<blockquote><p><strong>Okrogla miza in na\u010drt spopada z GDPR od A do \u017d.<\/strong><\/p>\n<h6><span style=\"font-size: 14px;\">Celje, april 2018<\/span><\/h6>\n<\/blockquote>\n<p>Izvedli smo okroglo mizo buti\u010dnega zna\u010daja, ki se je navezovala na prihajajo\u010di uredbi GDPR\u00a0<em>(General Data Protection Regulation), ki je dobesedno \u017ee trkala na vrati.\u00a0Odkrito smo spregovorili o tem, kako se v razli\u010dnih organizacijah spopadajo in pripravljajo ter prilagajajo poslovanje zahtevam GDPR<\/em><\/p>\n<p>&nbsp;<\/p>\n<blockquote><p>Agenda:<\/p>\n<ul>\n<li>(09.30 \u2013 10.00)\u00a0 Prihod in registracija<\/li>\n<li>(10.00 \u2013 10.15)\u00a0 Uvodni pozdrav<\/li>\n<li>(10.15 \u2013 11.45)\u00a0 \u201cGDPR &#8211; spoznaj svojega sovra\u017enika in kako se spopasti z njim\u201d<\/li>\n<li>(11.45 \u2013 12.00)\u00a0 Odmor za kavo<\/li>\n<li>(12.00 \u2013 13.30)\u00a0<sup>\u00a0<\/sup>\u201cSpopad z GDPR od A-\u017d \u201d<em> &#8211; okrogla miza in izmenjava izku\u0161enj<\/em><\/li>\n<li>(13:30\u00a0\u2013 \u00a0 \u00a0 \u00a0 \u00a0 \u00a0) \u00a0\u00a0Zaklju\u010dek s kosilom in dru\u017eenje<\/li>\n<\/ul>\n<\/blockquote>","protected":false},"excerpt":{"rendered":"<p>Okrogla miza in na\u010drt spopada z GDPR od A do \u017d. Celje, april 2018 Izvedli smo okroglo mizo buti\u010dnega zna\u010daja, ki se je navezovala na prihajajo\u010di uredbi GDPR\u00a0(General Data Protection Regulation), ki je dobesedno \u017ee trkala na vrati.\u00a0Odkrito smo spregovorili o tem, kako se v razli\u010dnih organizacijah spopadajo in pripravljajo ter prilagajajo poslovanje zahtevam GDPR [&hellip;]<\/p>\n","protected":false},"author":1,"featured_media":0,"parent":879,"menu_order":0,"comment_status":"closed","ping_status":"closed","template":"","meta":{"site-sidebar-layout":"default","site-content-layout":"","ast-site-content-layout":"default","site-content-style":"default","site-sidebar-style":"default","ast-global-header-display":"","ast-banner-title-visibility":"","ast-main-header-display":"","ast-hfb-above-header-display":"","ast-hfb-below-header-display":"","ast-hfb-mobile-header-display":"","site-post-title":"","ast-breadcrumbs-content":"","ast-featured-img":"","footer-sml-layout":"","ast-disable-related-posts":"","theme-transparent-header-meta":"","adv-header-id-meta":"","stick-header-meta":"","header-above-stick-meta":"","header-main-stick-meta":"","header-below-stick-meta":"","astra-migrate-meta-layouts":"default","ast-page-background-enabled":"default","ast-page-background-meta":{"desktop":{"background-color":"var(--ast-global-color-4)","background-image":"","background-repeat":"repeat","background-position":"center center","background-size":"auto","background-attachment":"scroll","background-type":"","background-media":"","overlay-type":"","overlay-color":"","overlay-opacity":"","overlay-gradient":""},"tablet":{"background-color":"","background-image":"","background-repeat":"repeat","background-position":"center center","background-size":"auto","background-attachment":"scroll","background-type":"","background-media":"","overlay-type":"","overlay-color":"","overlay-opacity":"","overlay-gradient":""},"mobile":{"background-color":"","background-image":"","background-repeat":"repeat","background-position":"center center","background-size":"auto","background-attachment":"scroll","background-type":"","background-media":"","overlay-type":"","overlay-color":"","overlay-opacity":"","overlay-gradient":""}},"ast-content-background-meta":{"desktop":{"background-color":"var(--ast-global-color-5)","background-image":"","background-repeat":"repeat","background-position":"center center","background-size":"auto","background-attachment":"scroll","background-type":"","background-media":"","overlay-type":"","overlay-color":"","overlay-opacity":"","overlay-gradient":""},"tablet":{"background-color":"var(--ast-global-color-5)","background-image":"","background-repeat":"repeat","background-position":"center center","background-size":"auto","background-attachment":"scroll","background-type":"","background-media":"","overlay-type":"","overlay-color":"","overlay-opacity":"","overlay-gradient":""},"mobile":{"background-color":"var(--ast-global-color-5)","background-image":"","background-repeat":"repeat","background-position":"center center","background-size":"auto","background-attachment":"scroll","background-type":"","background-media":"","overlay-type":"","overlay-color":"","overlay-opacity":"","overlay-gradient":""}},"footnotes":""},"class_list":["post-1601","page","type-page","status-publish","hentry"],"_links":{"self":[{"href":"https:\/\/adm-adria.si\/en\/wp-json\/wp\/v2\/pages\/1601","targetHints":{"allow":["GET"]}}],"collection":[{"href":"https:\/\/adm-adria.si\/en\/wp-json\/wp\/v2\/pages"}],"about":[{"href":"https:\/\/adm-adria.si\/en\/wp-json\/wp\/v2\/types\/page"}],"author":[{"embeddable":true,"href":"https:\/\/adm-adria.si\/en\/wp-json\/wp\/v2\/users\/1"}],"replies":[{"embeddable":true,"href":"https:\/\/adm-adria.si\/en\/wp-json\/wp\/v2\/comments?post=1601"}],"version-history":[{"count":4,"href":"https:\/\/adm-adria.si\/en\/wp-json\/wp\/v2\/pages\/1601\/revisions"}],"predecessor-version":[{"id":1605,"href":"https:\/\/adm-adria.si\/en\/wp-json\/wp\/v2\/pages\/1601\/revisions\/1605"}],"up":[{"embeddable":true,"href":"https:\/\/adm-adria.si\/en\/wp-json\/wp\/v2\/pages\/879"}],"wp:attachment":[{"href":"https:\/\/adm-adria.si\/en\/wp-json\/wp\/v2\/media?parent=1601"}],"curies":[{"name":"wp","href":"https:\/\/api.w.org\/{rel}","templated":true}]}}