{"id":1608,"date":"2018-08-10T10:32:38","date_gmt":"2018-08-10T08:32:38","guid":{"rendered":"https:\/\/adm-adria.nevtron.si\/prod-18\/?page_id=1608"},"modified":"2018-08-10T10:35:35","modified_gmt":"2018-08-10T08:35:35","slug":"dogodek-bo-gdpr-spremenila-svet","status":"publish","type":"page","link":"https:\/\/adm-adria.si\/en\/raziskave-in-razvoj\/dogodek-bo-gdpr-spremenila-svet\/","title":{"rendered":"Event: Will GDPR change the world?"},"content":{"rendered":"<blockquote><p><strong>Dogodek o u\u010dinkih, ki jih bo imela GDPR na svet.<\/strong><\/p>\n<p><span style=\"font-size: 14px;\">Celje, september 2017<\/span><\/p><\/blockquote>\n<p>Spra\u0161evali smo se ali bo GDPR (General Data Protection Regulation) spremenila svet, tako kot so to napovedovali \u017ee za Celjske grofe, v \u010dasu njihovega vladanja?<\/p>\n<p><em>Na dogodku se je izpostavilo kak\u0161ne u\u010dinke bo imela GDPR <\/em><em>na kriti\u010dne poslovne procese v organizaciji in kako se s tem soo\u010diti.\u00a0<\/em><em>Predstavljene so bile re\u0161itve, ki sledijo smernicam za skladnost organizacije s samo uredbo pred za\u010detkom veljavnosti 25. maja 2018!<\/em><\/p>\n<blockquote><p>Agenda:<\/p>\n<ul>\n<li>(09.30 \u2013 10.00)\u00a0 Prihod in registracija<\/li>\n<li>(10.00 \u2013 10.15)\u00a0 Uvodni pozdrav<\/li>\n<li>(10.15 \u2013 11.45)\u00a0\u00a0Programske re\u0161itve Quest in GDPR <em>(predavatelj:\u00a0Rolf Elvemo)<\/em><\/li>\n<li>(11.45 \u2013 12.30)\u00a0 Varovanje zasebnosti v bazah podatkov\u00a0<em>(predavatelj: Toma\u017e Zavrl)<\/em><\/li>\n<li>(12.30 \u2013 14.00)\u00a0\u00a0Odmor in kosilo<\/li>\n<li>(14:00 \u2013 \u00a0 \u00a0 \u00a0 \u00a0 \u00a0) \u00a0Atrakcija na Celjskem gradu<\/li>\n<\/ul>\n<\/blockquote>\n<h6><\/h6>\n<blockquote>\n<h6>Rolf Elvemo,\u00a0Business unit manager, Quest<br \/>\nToma\u017e Zavrl,\u00a0Data specialist, ADM-Adria<\/h6>\n<\/blockquote>","protected":false},"excerpt":{"rendered":"<p>Dogodek o u\u010dinkih, ki jih bo imela GDPR na svet. Celje, september 2017 Spra\u0161evali smo se ali bo GDPR (General Data Protection Regulation) spremenila svet, tako kot so to napovedovali \u017ee za Celjske grofe, v \u010dasu njihovega vladanja? Na dogodku se je izpostavilo kak\u0161ne u\u010dinke bo imela GDPR na kriti\u010dne poslovne procese v organizaciji in [&hellip;]<\/p>\n","protected":false},"author":1,"featured_media":0,"parent":879,"menu_order":0,"comment_status":"closed","ping_status":"closed","template":"","meta":{"site-sidebar-layout":"default","site-content-layout":"","ast-site-content-layout":"default","site-content-style":"default","site-sidebar-style":"default","ast-global-header-display":"","ast-banner-title-visibility":"","ast-main-header-display":"","ast-hfb-above-header-display":"","ast-hfb-below-header-display":"","ast-hfb-mobile-header-display":"","site-post-title":"","ast-breadcrumbs-content":"","ast-featured-img":"","footer-sml-layout":"","ast-disable-related-posts":"","theme-transparent-header-meta":"","adv-header-id-meta":"","stick-header-meta":"","header-above-stick-meta":"","header-main-stick-meta":"","header-below-stick-meta":"","astra-migrate-meta-layouts":"default","ast-page-background-enabled":"default","ast-page-background-meta":{"desktop":{"background-color":"var(--ast-global-color-4)","background-image":"","background-repeat":"repeat","background-position":"center center","background-size":"auto","background-attachment":"scroll","background-type":"","background-media":"","overlay-type":"","overlay-color":"","overlay-opacity":"","overlay-gradient":""},"tablet":{"background-color":"","background-image":"","background-repeat":"repeat","background-position":"center center","background-size":"auto","background-attachment":"scroll","background-type":"","background-media":"","overlay-type":"","overlay-color":"","overlay-opacity":"","overlay-gradient":""},"mobile":{"background-color":"","background-image":"","background-repeat":"repeat","background-position":"center center","background-size":"auto","background-attachment":"scroll","background-type":"","background-media":"","overlay-type":"","overlay-color":"","overlay-opacity":"","overlay-gradient":""}},"ast-content-background-meta":{"desktop":{"background-color":"var(--ast-global-color-5)","background-image":"","background-repeat":"repeat","background-position":"center center","background-size":"auto","background-attachment":"scroll","background-type":"","background-media":"","overlay-type":"","overlay-color":"","overlay-opacity":"","overlay-gradient":""},"tablet":{"background-color":"var(--ast-global-color-5)","background-image":"","background-repeat":"repeat","background-position":"center center","background-size":"auto","background-attachment":"scroll","background-type":"","background-media":"","overlay-type":"","overlay-color":"","overlay-opacity":"","overlay-gradient":""},"mobile":{"background-color":"var(--ast-global-color-5)","background-image":"","background-repeat":"repeat","background-position":"center center","background-size":"auto","background-attachment":"scroll","background-type":"","background-media":"","overlay-type":"","overlay-color":"","overlay-opacity":"","overlay-gradient":""}},"footnotes":""},"class_list":["post-1608","page","type-page","status-publish","hentry"],"_links":{"self":[{"href":"https:\/\/adm-adria.si\/en\/wp-json\/wp\/v2\/pages\/1608","targetHints":{"allow":["GET"]}}],"collection":[{"href":"https:\/\/adm-adria.si\/en\/wp-json\/wp\/v2\/pages"}],"about":[{"href":"https:\/\/adm-adria.si\/en\/wp-json\/wp\/v2\/types\/page"}],"author":[{"embeddable":true,"href":"https:\/\/adm-adria.si\/en\/wp-json\/wp\/v2\/users\/1"}],"replies":[{"embeddable":true,"href":"https:\/\/adm-adria.si\/en\/wp-json\/wp\/v2\/comments?post=1608"}],"version-history":[{"count":3,"href":"https:\/\/adm-adria.si\/en\/wp-json\/wp\/v2\/pages\/1608\/revisions"}],"predecessor-version":[{"id":1611,"href":"https:\/\/adm-adria.si\/en\/wp-json\/wp\/v2\/pages\/1608\/revisions\/1611"}],"up":[{"embeddable":true,"href":"https:\/\/adm-adria.si\/en\/wp-json\/wp\/v2\/pages\/879"}],"wp:attachment":[{"href":"https:\/\/adm-adria.si\/en\/wp-json\/wp\/v2\/media?parent=1608"}],"curies":[{"name":"wp","href":"https:\/\/api.w.org\/{rel}","templated":true}]}}