{"id":1624,"date":"2018-10-10T09:29:24","date_gmt":"2018-10-10T07:29:24","guid":{"rendered":"https:\/\/adm-adria.nevtron.si\/?page_id=1624"},"modified":"2018-10-10T15:16:57","modified_gmt":"2018-10-10T13:16:57","slug":"dogodek-inovativne-podatkovne-resitve-za-preboj-v-panogi","status":"publish","type":"page","link":"https:\/\/adm-adria.si\/en\/raziskave-in-razvoj\/dogodek-inovativne-podatkovne-resitve-za-preboj-v-panogi\/","title":{"rendered":"Event: Innovative data solutions for industry breakthroughs"},"content":{"rendered":"<blockquote><p><strong>Dogodek o inovativnih podatkovnih re\u0161itvah za preboj v panogi.<\/strong><\/p>\n<p><span style=\"font-size: 14px;\">Ljubljana, oktober 2018<\/span><\/p><\/blockquote>\n<p><i><span style=\"font-weight: 400;\">Izvedli smo dogodek, ki je bil namenjen razvijalcem, sistemskim skrbnikom podatkov, kot tudi vsem tistim uporabnikom, ki znotraj posamezne organizacije rokujejo s podatki in podatkovnimi bazami. Na primerih iz prakse in tudi v \u017eivo smo pokazali in predstavili re\u0161itve za razvoj, optimizacijo in nadzor podatkovnih baz in posledi\u010dno podatkov.<\/span><\/i><\/p>\n<p><i><span style=\"font-weight: 400;\">Predavatelja: Jiri Svatu\u0161ka (vrhunski strokovnjak za re\u0161itve Quest) in Toma\u017e Zavrl (ADM-Adria).<\/span><\/i><\/p>\n<p>&nbsp;<\/p>\n<blockquote><p><span style=\"font-weight: 400;\">Agenda<\/span><\/p>\n<p>&nbsp;<\/p>\n<ul>\n<li><span style=\"font-size: 14px;\">(09.30 \u2013 10.00) \u00a0Prihod in registracija<\/span><\/li>\n<li><span style=\"font-weight: 400;\">(10.00 \u2013 10.15) \u00a0Uvodni pozdrav organizatorja<\/span><\/li>\n<li><span style=\"font-weight: 400;\">(10.15 \u2013 11.45) \u00a0<\/span><span style=\"font-weight: 400;\">PREDAVANJE 1.:<\/span> <i><span style=\"font-weight: 400;\">\u201cOrodja za razvoj, optimizacijo in nadzor\u201d <\/span><\/i><i><span style=\"font-weight: 400;\">*<\/span><\/i><\/li>\n<li><span style=\"font-weight: 400;\">(11.30 \u2013 12.00) \u00a0Odmor za kavo<\/span><\/li>\n<li><span style=\"font-weight: 400;\">(12.00 \u2013 13.30) <\/span><span style=\"font-weight: 400;\">PREDAVANJE 2.:<\/span> <i><span style=\"font-weight: 400;\">\u201cVarovanje podatkov\u201d <\/span><\/i><i><span style=\"font-weight: 400;\">**<\/span><\/i><\/li>\n<li><span style=\"font-weight: 400;\">(13:30 \u2013 \u00a0\u00a0\u00a0\u00a0\u00a0\u00a0\u00a0\u00a0\u00a0) Zaklju\u010dek s kosilom in dru\u017eenje<\/span><\/li>\n<\/ul>\n<\/blockquote>\n<h6><em><span style=\"font-weight: 400;\">* \u00a0nabor predstavljenih re\u0161itev: TOAD, Foglight, Performance Investigator in Spotlight.<br \/>\n<\/span><span style=\"font-weight: 400;\">** nabor predstavljenih re\u0161itev: VROOM (Rapid Recovery), SharePlex, LiteSpeed, Database Activity Monitoring (DAM), ChangeAuditor in InTrust.<\/span><\/em><\/h6>\n<p>&nbsp;<\/p>\n<blockquote><p><span style=\"font-weight: 400;\">\u010ce \u017eelite pridobiti predstavitve na\u0161ih predavateljev iz dogodka, nas kontaktirajte na info[@]adm-adria.eu ali +386 59 251 955 in z veseljem vam jih bomo posredovali!<\/span><\/p><\/blockquote>\n","protected":false},"excerpt":{"rendered":"<p>Dogodek o inovativnih podatkovnih re\u0161itvah za preboj v panogi. Ljubljana, oktober 2018 Izvedli smo dogodek, ki je bil namenjen razvijalcem, sistemskim skrbnikom podatkov, kot tudi vsem tistim uporabnikom, ki znotraj posamezne organizacije rokujejo s podatki in podatkovnimi bazami. Na primerih iz prakse in tudi v \u017eivo smo pokazali in predstavili re\u0161itve za razvoj, optimizacijo in [&hellip;]<\/p>\n","protected":false},"author":1,"featured_media":0,"parent":879,"menu_order":0,"comment_status":"closed","ping_status":"closed","template":"","meta":{"site-sidebar-layout":"default","site-content-layout":"","ast-site-content-layout":"default","site-content-style":"default","site-sidebar-style":"default","ast-global-header-display":"","ast-banner-title-visibility":"","ast-main-header-display":"","ast-hfb-above-header-display":"","ast-hfb-below-header-display":"","ast-hfb-mobile-header-display":"","site-post-title":"","ast-breadcrumbs-content":"","ast-featured-img":"","footer-sml-layout":"","ast-disable-related-posts":"","theme-transparent-header-meta":"","adv-header-id-meta":"","stick-header-meta":"","header-above-stick-meta":"","header-main-stick-meta":"","header-below-stick-meta":"","astra-migrate-meta-layouts":"default","ast-page-background-enabled":"default","ast-page-background-meta":{"desktop":{"background-color":"var(--ast-global-color-4)","background-image":"","background-repeat":"repeat","background-position":"center center","background-size":"auto","background-attachment":"scroll","background-type":"","background-media":"","overlay-type":"","overlay-color":"","overlay-opacity":"","overlay-gradient":""},"tablet":{"background-color":"","background-image":"","background-repeat":"repeat","background-position":"center center","background-size":"auto","background-attachment":"scroll","background-type":"","background-media":"","overlay-type":"","overlay-color":"","overlay-opacity":"","overlay-gradient":""},"mobile":{"background-color":"","background-image":"","background-repeat":"repeat","background-position":"center center","background-size":"auto","background-attachment":"scroll","background-type":"","background-media":"","overlay-type":"","overlay-color":"","overlay-opacity":"","overlay-gradient":""}},"ast-content-background-meta":{"desktop":{"background-color":"var(--ast-global-color-5)","background-image":"","background-repeat":"repeat","background-position":"center center","background-size":"auto","background-attachment":"scroll","background-type":"","background-media":"","overlay-type":"","overlay-color":"","overlay-opacity":"","overlay-gradient":""},"tablet":{"background-color":"var(--ast-global-color-5)","background-image":"","background-repeat":"repeat","background-position":"center center","background-size":"auto","background-attachment":"scroll","background-type":"","background-media":"","overlay-type":"","overlay-color":"","overlay-opacity":"","overlay-gradient":""},"mobile":{"background-color":"var(--ast-global-color-5)","background-image":"","background-repeat":"repeat","background-position":"center center","background-size":"auto","background-attachment":"scroll","background-type":"","background-media":"","overlay-type":"","overlay-color":"","overlay-opacity":"","overlay-gradient":""}},"footnotes":""},"class_list":["post-1624","page","type-page","status-publish","hentry"],"_links":{"self":[{"href":"https:\/\/adm-adria.si\/en\/wp-json\/wp\/v2\/pages\/1624","targetHints":{"allow":["GET"]}}],"collection":[{"href":"https:\/\/adm-adria.si\/en\/wp-json\/wp\/v2\/pages"}],"about":[{"href":"https:\/\/adm-adria.si\/en\/wp-json\/wp\/v2\/types\/page"}],"author":[{"embeddable":true,"href":"https:\/\/adm-adria.si\/en\/wp-json\/wp\/v2\/users\/1"}],"replies":[{"embeddable":true,"href":"https:\/\/adm-adria.si\/en\/wp-json\/wp\/v2\/comments?post=1624"}],"version-history":[{"count":2,"href":"https:\/\/adm-adria.si\/en\/wp-json\/wp\/v2\/pages\/1624\/revisions"}],"predecessor-version":[{"id":1635,"href":"https:\/\/adm-adria.si\/en\/wp-json\/wp\/v2\/pages\/1624\/revisions\/1635"}],"up":[{"embeddable":true,"href":"https:\/\/adm-adria.si\/en\/wp-json\/wp\/v2\/pages\/879"}],"wp:attachment":[{"href":"https:\/\/adm-adria.si\/en\/wp-json\/wp\/v2\/media?parent=1624"}],"curies":[{"name":"wp","href":"https:\/\/api.w.org\/{rel}","templated":true}]}}