{"id":1802,"date":"2019-05-24T09:23:03","date_gmt":"2019-05-24T07:23:03","guid":{"rendered":"https:\/\/adm-adria.nevtron.si\/?page_id=1802"},"modified":"2019-05-24T09:25:41","modified_gmt":"2019-05-24T07:25:41","slug":"dogodek-upravljanje-identitet-in-poslovno-modeliranje","status":"publish","type":"page","link":"https:\/\/adm-adria.si\/en\/raziskave-in-razvoj\/dogodek-upravljanje-identitet-in-poslovno-modeliranje\/","title":{"rendered":"Event: Identity Management and Business Modelling"},"content":{"rendered":"<blockquote><p><strong>Predstavitev poteka projekta implementacije upravljanja identitet in dostopov (IAM) z re\u0161itvijo One Identity Manager ter predstavitev prednosti poslovnega modeliranja z re\u0161itvijo K2.<\/strong><\/p>\n<p><span style=\"font-size: 14px;\">Celje, maj 2019<\/span><\/p><\/blockquote>\n<p><i><span style=\"font-weight: 400;\">Predavatelji: Denis Mekinda (ADM-Adria); Primo\u017e \u0160i\u0161ko (ADM-Adria); Zvonimir Mavreti\u0107 (Evision)<br \/>\n<\/span><\/i><\/p>\n<p><span style=\"font-weight: 400;\">Agenda<\/span><\/p>\n<blockquote><p>&nbsp;<\/p>\n<ul>\n<li><span style=\"font-size: 14px;\">(09.30 \u2013 10.00) \u00a0Prihod in registracija<\/span><\/li>\n<li><span style=\"font-weight: 400;\">(10.00 \u2013 10.15) \u00a0Uvodni pozdrav organizatorja<\/span><\/li>\n<li><span style=\"font-weight: 400;\">(10.15 \u2013 10.45)\u00a0 <\/span><span style=\"font-weight: 400;\">PREDAVANJE 1.:<\/span> <i><span style=\"font-weight: 400;\">\u201cOne Identity Manager kot re\u0161itev upravljanja identitet in dostopov\u201d <\/span><\/i><i><span style=\"font-weight: 400;\">*<\/span><\/i><\/li>\n<li><span style=\"font-weight: 400;\">(10.45 \u2013 11.00)\u00a0 <\/span><span style=\"font-weight: 400;\">PREDAVANJE 2.:<\/span> <i><span style=\"font-weight: 400;\">\u201cIzzivi poslovnega modeliranja s K2\u201d <\/span><\/i><i><span style=\"font-weight: 400;\">*<\/span><\/i><\/li>\n<li><span style=\"font-weight: 400;\">(11.00 \u2013 11.15)\u00a0 <\/span><span style=\"font-weight: 400;\">PREDAVANJE 3.:<\/span> <i><span style=\"font-weight: 400;\">\u201cPoslovno<\/span><\/i><i><span style=\"font-weight: 400;\"> modeliranje s K2 v praksi\u201d <\/span><\/i><i><span style=\"font-weight: 400;\">**<\/span><\/i><\/li>\n<li><span style=\"font-weight: 400;\">(11.15 \u2013 11.45)\u00a0 <\/span><span style=\"font-weight: 400;\">Odmor za kavo<\/span><\/li>\n<li><span style=\"font-weight: 400;\">(11.45 \u2013 13.30)\u00a0 OKROGLA MIZA: &#8220;Od ideje do implementacije re\u0161itve&#8221; ***\u00a0<\/span><\/li>\n<li><span style=\"font-weight: 400;\">(13:00 \u2013 \u00a0\u00a0\u00a0\u00a0\u00a0\u00a0\u00a0\u00a0\u00a0)\u00a0 Zaklju\u010dek s kosilom in dru\u017eenje<\/span><\/li>\n<\/ul>\n<\/blockquote>\n<h6><em><span style=\"font-weight: 400;\">*\u00a0 #delovanje; #<\/span><\/em><em><span style=\"font-weight: 400;\">klju\u010dne funkcionalnosti; <\/span><\/em><em><span style=\"font-weight: 400;\">#<\/span><\/em><em><span style=\"font-weight: 400;\">prednosti<br \/>\n<\/span><\/em><em><span style=\"font-weight: 400;\">**\u00a0<\/span><\/em><em><span style=\"font-weight: 400;\">#<\/span><\/em><em><span style=\"font-weight: 400;\">prikaz delovanja;<\/span><\/em><em><span style=\"font-weight: 400;\">#<\/span><\/em><em><span style=\"font-weight: 400;\">prakti\u010dni primeri v praksi<\/span><\/em><em><span style=\"font-weight: 400;\"><br \/>\n*** #priprava projekta; #projektne faze; #mejniki\u00a0<\/span><\/em><\/h6>\n<p>&nbsp;<\/p>\n<blockquote><p><span style=\"font-weight: 400;\">\u010ce \u017eelite pridobiti predstavitve na\u0161ih predavateljev iz dogodka, nas kontaktirajte na info[@]adm-adria.eu ali +386 59 251 955 in z veseljem vam jih bomo posredovali!<\/span><\/p><\/blockquote>\n","protected":false},"excerpt":{"rendered":"<p>Predstavitev poteka projekta implementacije upravljanja identitet in dostopov (IAM) z re\u0161itvijo One Identity Manager ter predstavitev prednosti poslovnega modeliranja z re\u0161itvijo K2. Celje, maj 2019 Predavatelji: Denis Mekinda (ADM-Adria); Primo\u017e \u0160i\u0161ko (ADM-Adria); Zvonimir Mavreti\u0107 (Evision) Agenda &nbsp; (09.30 \u2013 10.00) \u00a0Prihod in registracija (10.00 \u2013 10.15) \u00a0Uvodni pozdrav organizatorja (10.15 \u2013 10.45)\u00a0 PREDAVANJE 1.: \u201cOne [&hellip;]<\/p>\n","protected":false},"author":1,"featured_media":0,"parent":879,"menu_order":0,"comment_status":"closed","ping_status":"closed","template":"","meta":{"site-sidebar-layout":"default","site-content-layout":"","ast-site-content-layout":"default","site-content-style":"default","site-sidebar-style":"default","ast-global-header-display":"","ast-banner-title-visibility":"","ast-main-header-display":"","ast-hfb-above-header-display":"","ast-hfb-below-header-display":"","ast-hfb-mobile-header-display":"","site-post-title":"","ast-breadcrumbs-content":"","ast-featured-img":"","footer-sml-layout":"","ast-disable-related-posts":"","theme-transparent-header-meta":"","adv-header-id-meta":"","stick-header-meta":"","header-above-stick-meta":"","header-main-stick-meta":"","header-below-stick-meta":"","astra-migrate-meta-layouts":"default","ast-page-background-enabled":"default","ast-page-background-meta":{"desktop":{"background-color":"var(--ast-global-color-4)","background-image":"","background-repeat":"repeat","background-position":"center center","background-size":"auto","background-attachment":"scroll","background-type":"","background-media":"","overlay-type":"","overlay-color":"","overlay-opacity":"","overlay-gradient":""},"tablet":{"background-color":"","background-image":"","background-repeat":"repeat","background-position":"center center","background-size":"auto","background-attachment":"scroll","background-type":"","background-media":"","overlay-type":"","overlay-color":"","overlay-opacity":"","overlay-gradient":""},"mobile":{"background-color":"","background-image":"","background-repeat":"repeat","background-position":"center center","background-size":"auto","background-attachment":"scroll","background-type":"","background-media":"","overlay-type":"","overlay-color":"","overlay-opacity":"","overlay-gradient":""}},"ast-content-background-meta":{"desktop":{"background-color":"var(--ast-global-color-5)","background-image":"","background-repeat":"repeat","background-position":"center center","background-size":"auto","background-attachment":"scroll","background-type":"","background-media":"","overlay-type":"","overlay-color":"","overlay-opacity":"","overlay-gradient":""},"tablet":{"background-color":"var(--ast-global-color-5)","background-image":"","background-repeat":"repeat","background-position":"center center","background-size":"auto","background-attachment":"scroll","background-type":"","background-media":"","overlay-type":"","overlay-color":"","overlay-opacity":"","overlay-gradient":""},"mobile":{"background-color":"var(--ast-global-color-5)","background-image":"","background-repeat":"repeat","background-position":"center center","background-size":"auto","background-attachment":"scroll","background-type":"","background-media":"","overlay-type":"","overlay-color":"","overlay-opacity":"","overlay-gradient":""}},"footnotes":""},"class_list":["post-1802","page","type-page","status-publish","hentry"],"_links":{"self":[{"href":"https:\/\/adm-adria.si\/en\/wp-json\/wp\/v2\/pages\/1802","targetHints":{"allow":["GET"]}}],"collection":[{"href":"https:\/\/adm-adria.si\/en\/wp-json\/wp\/v2\/pages"}],"about":[{"href":"https:\/\/adm-adria.si\/en\/wp-json\/wp\/v2\/types\/page"}],"author":[{"embeddable":true,"href":"https:\/\/adm-adria.si\/en\/wp-json\/wp\/v2\/users\/1"}],"replies":[{"embeddable":true,"href":"https:\/\/adm-adria.si\/en\/wp-json\/wp\/v2\/comments?post=1802"}],"version-history":[{"count":3,"href":"https:\/\/adm-adria.si\/en\/wp-json\/wp\/v2\/pages\/1802\/revisions"}],"predecessor-version":[{"id":1806,"href":"https:\/\/adm-adria.si\/en\/wp-json\/wp\/v2\/pages\/1802\/revisions\/1806"}],"up":[{"embeddable":true,"href":"https:\/\/adm-adria.si\/en\/wp-json\/wp\/v2\/pages\/879"}],"wp:attachment":[{"href":"https:\/\/adm-adria.si\/en\/wp-json\/wp\/v2\/media?parent=1802"}],"curies":[{"name":"wp","href":"https:\/\/api.w.org\/{rel}","templated":true}]}}