{"id":1825,"date":"2019-06-27T08:45:25","date_gmt":"2019-06-27T06:45:25","guid":{"rendered":"https:\/\/adm-adria.nevtron.si\/?page_id=1825"},"modified":"2019-06-27T08:55:05","modified_gmt":"2019-06-27T06:55:05","slug":"dogodek","status":"publish","type":"page","link":"https:\/\/adm-adria.si\/en\/raziskave-in-razvoj\/dogodek\/","title":{"rendered":"Event: Full access control to IT systems"},"content":{"rendered":"<blockquote><p><strong>Predstavitev re\u0161itev, ki uporabnikom olaj\u0161ajo dostope do informacijskih virov in hkrati pove\u010dajo stopnjo varnosti v organizaciji.<\/strong><\/p>\n<p><span style=\"font-size: 14px;\">Celje, junij 2019<\/span><\/p><\/blockquote>\n<p><i><span style=\"font-weight: 400;\">Predavatelji: \u017diga Lipi\u010dnik (ADM-Adria); Denis Mekinda (ADM-Adria); Toma\u017e Zavrl (ADM-Adria)<br \/>\n<\/span><\/i><\/p>\n<p><span style=\"font-weight: 400;\">Agenda<\/span><\/p>\n<blockquote><p>&nbsp;<\/p>\n<ul>\n<li><span style=\"font-size: 14px;\">(09.30 \u2013 10.00) \u00a0Prihod in registracija<\/span><\/li>\n<li><span style=\"font-weight: 400;\">(10.00 \u2013 10.15) \u00a0Uvodni pozdrav organizatorja<\/span><\/li>\n<li><span style=\"font-weight: 400;\">(10.15 \u2013 10.30)\u00a0 <\/span><span style=\"font-weight: 400;\">PREDSTAVITEV I.:<\/span> <i><span style=\"font-weight: 400;\">\u201cPrivilegirani dostopi &#8211; PAM (Privileged Access Management)&#8221;<\/span><\/i><\/li>\n<li><span style=\"font-weight: 400;\">(10.30 \u2013 11.00)\u00a0 PREDSTAVITEV<\/span><span style=\"font-weight: 400;\"> II.:<\/span> <i><span style=\"font-weight: 400;\">\u201cOne Identity Safeguard\u201d <\/span><\/i><i><span style=\"font-weight: 400;\">*<\/span><\/i><\/li>\n<li><span style=\"font-weight: 400;\">(11.00 \u2013 11.15)\u00a0 PRAKTI\u010cNI PRIKAZ<\/span><span style=\"font-weight: 400;\">:<\/span> <i><span style=\"font-weight: 400;\">\u201cRe\u0161itev One Identity Safeguard v praksi<\/span><\/i><i><span style=\"font-weight: 400;\">\u201d <\/span><\/i><i><span style=\"font-weight: 400;\">**<\/span><\/i><\/li>\n<li><span style=\"font-weight: 400;\">(11.15 \u2013 11.45)\u00a0 PREDSTAVITEV<\/span><span style=\"font-weight: 400;\"> III.:<\/span> <i><span style=\"font-weight: 400;\">\u201cSecure Connect<\/span><\/i><i><span style=\"font-weight: 400;\">\u201d <\/span><\/i><i><span style=\"font-weight: 400;\">*<\/span><\/i><\/li>\n<li><span style=\"font-weight: 400;\">(11.45 \u2013 12.00)\u00a0 <\/span><span style=\"font-weight: 400;\">Odmor za kavo<\/span><\/li>\n<li><span style=\"font-weight: 400;\">(12.00 \u2013 12.15)\u00a0 <\/span><span style=\"font-weight: 400;\">PREDSTAVITEV IV.:<\/span> <i><span style=\"font-weight: 400;\">\u201cDvo-nivojska avtentikacija &#8211; 2FA (Two-Factor Authentication&#8221;<\/span><\/i><\/li>\n<li><span style=\"font-weight: 400;\">(12.15 \u2013 13.00)\u00a0 PREDSTAVITEV<\/span><span style=\"font-weight: 400;\"> V.:<\/span> <i><span style=\"font-weight: 400;\">\u201cDefender &amp;&amp; Starling Two-Factor Authentication\u201d *<\/span><\/i><\/li>\n<li><span style=\"font-weight: 400;\">(13:00 \u2013 \u00a0\u00a0\u00a0\u00a0\u00a0\u00a0\u00a0\u00a0\u00a0)\u00a0 Zaklju\u010dek s kosilom in dru\u017eenje<\/span><\/li>\n<\/ul>\n<\/blockquote>\n<h6><em><span style=\"font-weight: 400;\">*\u00a0 #delovanje; #<\/span><\/em><em><span style=\"font-weight: 400;\">klju\u010dne funkcionalnosti; <\/span><\/em><em><span style=\"font-weight: 400;\">#<\/span><\/em><em><span style=\"font-weight: 400;\">prednosti<br \/>\n<\/span><\/em><em><span style=\"font-weight: 400;\">**\u00a0<\/span><\/em><em><span style=\"font-weight: 400;\">#<\/span><\/em><em><span style=\"font-weight: 400;\">prikaz delovanja;<\/span><\/em><em><span style=\"font-weight: 400;\">#<\/span><\/em><em><span style=\"font-weight: 400;\">prakti\u010dni primeri v praksi<\/span><\/em><\/h6>\n<p>&nbsp;<\/p>\n<p>&nbsp;<\/p>\n<blockquote><p><span style=\"font-weight: 400;\">\u010ce \u017eelite pridobiti predstavitve na\u0161ih predavateljev z dogodka, nas kontaktirajte na info[@]adm-adria.eu ali +386 59 251 955 in z veseljem vam jih bomo posredovali!<\/span><\/p><\/blockquote>\n","protected":false},"excerpt":{"rendered":"<p>Predstavitev re\u0161itev, ki uporabnikom olaj\u0161ajo dostope do informacijskih virov in hkrati pove\u010dajo stopnjo varnosti v organizaciji. Celje, junij 2019 Predavatelji: \u017diga Lipi\u010dnik (ADM-Adria); Denis Mekinda (ADM-Adria); Toma\u017e Zavrl (ADM-Adria) Agenda &nbsp; (09.30 \u2013 10.00) \u00a0Prihod in registracija (10.00 \u2013 10.15) \u00a0Uvodni pozdrav organizatorja (10.15 \u2013 10.30)\u00a0 PREDSTAVITEV I.: \u201cPrivilegirani dostopi &#8211; PAM (Privileged Access Management)&#8221; [&hellip;]<\/p>\n","protected":false},"author":1,"featured_media":0,"parent":879,"menu_order":0,"comment_status":"closed","ping_status":"closed","template":"","meta":{"site-sidebar-layout":"default","site-content-layout":"","ast-site-content-layout":"default","site-content-style":"default","site-sidebar-style":"default","ast-global-header-display":"","ast-banner-title-visibility":"","ast-main-header-display":"","ast-hfb-above-header-display":"","ast-hfb-below-header-display":"","ast-hfb-mobile-header-display":"","site-post-title":"","ast-breadcrumbs-content":"","ast-featured-img":"","footer-sml-layout":"","ast-disable-related-posts":"","theme-transparent-header-meta":"","adv-header-id-meta":"","stick-header-meta":"","header-above-stick-meta":"","header-main-stick-meta":"","header-below-stick-meta":"","astra-migrate-meta-layouts":"default","ast-page-background-enabled":"default","ast-page-background-meta":{"desktop":{"background-color":"var(--ast-global-color-4)","background-image":"","background-repeat":"repeat","background-position":"center center","background-size":"auto","background-attachment":"scroll","background-type":"","background-media":"","overlay-type":"","overlay-color":"","overlay-opacity":"","overlay-gradient":""},"tablet":{"background-color":"","background-image":"","background-repeat":"repeat","background-position":"center center","background-size":"auto","background-attachment":"scroll","background-type":"","background-media":"","overlay-type":"","overlay-color":"","overlay-opacity":"","overlay-gradient":""},"mobile":{"background-color":"","background-image":"","background-repeat":"repeat","background-position":"center center","background-size":"auto","background-attachment":"scroll","background-type":"","background-media":"","overlay-type":"","overlay-color":"","overlay-opacity":"","overlay-gradient":""}},"ast-content-background-meta":{"desktop":{"background-color":"var(--ast-global-color-5)","background-image":"","background-repeat":"repeat","background-position":"center center","background-size":"auto","background-attachment":"scroll","background-type":"","background-media":"","overlay-type":"","overlay-color":"","overlay-opacity":"","overlay-gradient":""},"tablet":{"background-color":"var(--ast-global-color-5)","background-image":"","background-repeat":"repeat","background-position":"center center","background-size":"auto","background-attachment":"scroll","background-type":"","background-media":"","overlay-type":"","overlay-color":"","overlay-opacity":"","overlay-gradient":""},"mobile":{"background-color":"var(--ast-global-color-5)","background-image":"","background-repeat":"repeat","background-position":"center center","background-size":"auto","background-attachment":"scroll","background-type":"","background-media":"","overlay-type":"","overlay-color":"","overlay-opacity":"","overlay-gradient":""}},"footnotes":""},"class_list":["post-1825","page","type-page","status-publish","hentry"],"_links":{"self":[{"href":"https:\/\/adm-adria.si\/en\/wp-json\/wp\/v2\/pages\/1825","targetHints":{"allow":["GET"]}}],"collection":[{"href":"https:\/\/adm-adria.si\/en\/wp-json\/wp\/v2\/pages"}],"about":[{"href":"https:\/\/adm-adria.si\/en\/wp-json\/wp\/v2\/types\/page"}],"author":[{"embeddable":true,"href":"https:\/\/adm-adria.si\/en\/wp-json\/wp\/v2\/users\/1"}],"replies":[{"embeddable":true,"href":"https:\/\/adm-adria.si\/en\/wp-json\/wp\/v2\/comments?post=1825"}],"version-history":[{"count":5,"href":"https:\/\/adm-adria.si\/en\/wp-json\/wp\/v2\/pages\/1825\/revisions"}],"predecessor-version":[{"id":1830,"href":"https:\/\/adm-adria.si\/en\/wp-json\/wp\/v2\/pages\/1825\/revisions\/1830"}],"up":[{"embeddable":true,"href":"https:\/\/adm-adria.si\/en\/wp-json\/wp\/v2\/pages\/879"}],"wp:attachment":[{"href":"https:\/\/adm-adria.si\/en\/wp-json\/wp\/v2\/media?parent=1825"}],"curies":[{"name":"wp","href":"https:\/\/api.w.org\/{rel}","templated":true}]}}