{"id":1954,"date":"2019-11-08T09:42:46","date_gmt":"2019-11-08T08:42:46","guid":{"rendered":"https:\/\/adm-adria.nevtron.si\/?page_id=1954"},"modified":"2019-11-08T09:51:14","modified_gmt":"2019-11-08T08:51:14","slug":"dogodek-izzivi-upravljanja-in-nadzora-ikt-infrastrukture","status":"publish","type":"page","link":"https:\/\/adm-adria.si\/en\/raziskave-in-razvoj\/dogodek-izzivi-upravljanja-in-nadzora-ikt-infrastrukture\/","title":{"rendered":"Event: Challenges in the management and control of ICT infrastructure"},"content":{"rendered":"<blockquote><p><strong>Predstavitev re\u0161itve za nadzor infrastrukture, diagnostiko in odpravo anomalij ter napredno administracijo Windows okolij, nadzor revizijskih sledi in migracij.<\/strong><\/p>\n<p><span style=\"font-size: 14px;\">Brezovica\/Ljubljana, november 2019<\/span><\/p><\/blockquote>\n<p><span style=\"font-weight: 400;\">Agenda:<\/span><\/p>\n<blockquote><p><span style=\"font-size: 14px;\">(09.30 \u2013 10.00) \u00a0Prihod in registracija<\/span><\/p>\n<p><span style=\"font-size: 14px;\">(10.00 \u2013 10.15) \u00a0Uvodni pozdrav organizatorja<\/span><\/p>\n<p><span style=\"font-size: 14px;\">(10.15 \u2013 11.45)\u00a0\u00a0<sup>PREDSTAVITEV I.:<\/sup><strong><em>\u201c<\/em><em>Odkrivanje in re\u0161evanje te\u017eav z orodji Quest\u201d<\/em><\/strong><\/span><\/p>\n<p style=\"padding-left: 40px;\"><span style=\"font-size: 14px; color: #999999;\"><em>Monitoring \u2013 nadzor infrastrukture;<br \/>\n<span style=\"font-size: 14px;\">Diagnostika \u2013 natan\u010dna definicija anomalij;<br \/>\n<span style=\"font-size: 14px;\">Resolve \u2013 odprava anomalij.<\/span><\/span><\/em><\/span><\/p>\n<p><span style=\"font-size: 14px;\">(11.45 \u2013 12.15)\u00a0\u00a0Odmor za kavo<\/span><\/p>\n<p><span style=\"font-size: 14px;\">(12.15 \u2013 13.45)\u00a0 <sup>PREDSTAVITEV\u00a0II.:<\/sup><strong><em>\u201c<\/em><em>Nadzor klju\u010dnih aktivnosti v Microsoftovih okoljih \u2013 Active Directory (AD), SharePoint, Exchange\u201d<\/em><\/strong><\/span><\/p>\n<p style=\"padding-left: 40px;\"><span style=\"font-size: 14px; color: #999999;\"><em>Compliance Reporting \/ Security Visibility \u2013 varnost in skladnost s predpisi;<br \/>\n<span style=\"font-size: 14px;\">Auditing \u2013 nadzor revizijske sledi (kdo, kaj, kdaj, itd.);<br \/>\n<span style=\"font-size: 14px;\">Napredna administracija \u2013 kjer se Microsoft kon\u010da, nastopi Quest.<\/span><\/span><\/em><\/span><\/p>\n<p><span style=\"font-size: 14px;\">(13:45 \u2013 \u00a0\u00a0\u00a0\u00a0\u00a0\u00a0\u00a0\u00a0\u00a0)\u00a0 Zaklju\u010dek s kosilom in dru\u017eenje<\/span><\/p><\/blockquote>\n<p>&nbsp;<\/p>\n<p>\u010ce \u017eelite pridobiti predstavitve na\u0161ih predavateljev z dogodka, nas kontaktirajte na info[@]adm-adria.eu ali +386 59 251 955 in z veseljem vam jih bomo posredovali!<\/p>\n","protected":false},"excerpt":{"rendered":"<p>Predstavitev re\u0161itve za nadzor infrastrukture, diagnostiko in odpravo anomalij ter napredno administracijo Windows okolij, nadzor revizijskih sledi in migracij. Brezovica\/Ljubljana, november 2019 Agenda: (09.30 \u2013 10.00) \u00a0Prihod in registracija (10.00 \u2013 10.15) \u00a0Uvodni pozdrav organizatorja (10.15 \u2013 11.45)\u00a0\u00a0PREDSTAVITEV I.:\u201cOdkrivanje in re\u0161evanje te\u017eav z orodji Quest\u201d Monitoring \u2013 nadzor infrastrukture; Diagnostika \u2013 natan\u010dna definicija anomalij; Resolve [&hellip;]<\/p>\n","protected":false},"author":1,"featured_media":0,"parent":879,"menu_order":0,"comment_status":"closed","ping_status":"closed","template":"","meta":{"site-sidebar-layout":"default","site-content-layout":"","ast-site-content-layout":"default","site-content-style":"default","site-sidebar-style":"default","ast-global-header-display":"","ast-banner-title-visibility":"","ast-main-header-display":"","ast-hfb-above-header-display":"","ast-hfb-below-header-display":"","ast-hfb-mobile-header-display":"","site-post-title":"","ast-breadcrumbs-content":"","ast-featured-img":"","footer-sml-layout":"","ast-disable-related-posts":"","theme-transparent-header-meta":"","adv-header-id-meta":"","stick-header-meta":"","header-above-stick-meta":"","header-main-stick-meta":"","header-below-stick-meta":"","astra-migrate-meta-layouts":"default","ast-page-background-enabled":"default","ast-page-background-meta":{"desktop":{"background-color":"var(--ast-global-color-4)","background-image":"","background-repeat":"repeat","background-position":"center center","background-size":"auto","background-attachment":"scroll","background-type":"","background-media":"","overlay-type":"","overlay-color":"","overlay-opacity":"","overlay-gradient":""},"tablet":{"background-color":"","background-image":"","background-repeat":"repeat","background-position":"center center","background-size":"auto","background-attachment":"scroll","background-type":"","background-media":"","overlay-type":"","overlay-color":"","overlay-opacity":"","overlay-gradient":""},"mobile":{"background-color":"","background-image":"","background-repeat":"repeat","background-position":"center center","background-size":"auto","background-attachment":"scroll","background-type":"","background-media":"","overlay-type":"","overlay-color":"","overlay-opacity":"","overlay-gradient":""}},"ast-content-background-meta":{"desktop":{"background-color":"var(--ast-global-color-5)","background-image":"","background-repeat":"repeat","background-position":"center center","background-size":"auto","background-attachment":"scroll","background-type":"","background-media":"","overlay-type":"","overlay-color":"","overlay-opacity":"","overlay-gradient":""},"tablet":{"background-color":"var(--ast-global-color-5)","background-image":"","background-repeat":"repeat","background-position":"center center","background-size":"auto","background-attachment":"scroll","background-type":"","background-media":"","overlay-type":"","overlay-color":"","overlay-opacity":"","overlay-gradient":""},"mobile":{"background-color":"var(--ast-global-color-5)","background-image":"","background-repeat":"repeat","background-position":"center center","background-size":"auto","background-attachment":"scroll","background-type":"","background-media":"","overlay-type":"","overlay-color":"","overlay-opacity":"","overlay-gradient":""}},"footnotes":""},"class_list":["post-1954","page","type-page","status-publish","hentry"],"_links":{"self":[{"href":"https:\/\/adm-adria.si\/en\/wp-json\/wp\/v2\/pages\/1954","targetHints":{"allow":["GET"]}}],"collection":[{"href":"https:\/\/adm-adria.si\/en\/wp-json\/wp\/v2\/pages"}],"about":[{"href":"https:\/\/adm-adria.si\/en\/wp-json\/wp\/v2\/types\/page"}],"author":[{"embeddable":true,"href":"https:\/\/adm-adria.si\/en\/wp-json\/wp\/v2\/users\/1"}],"replies":[{"embeddable":true,"href":"https:\/\/adm-adria.si\/en\/wp-json\/wp\/v2\/comments?post=1954"}],"version-history":[{"count":3,"href":"https:\/\/adm-adria.si\/en\/wp-json\/wp\/v2\/pages\/1954\/revisions"}],"predecessor-version":[{"id":1957,"href":"https:\/\/adm-adria.si\/en\/wp-json\/wp\/v2\/pages\/1954\/revisions\/1957"}],"up":[{"embeddable":true,"href":"https:\/\/adm-adria.si\/en\/wp-json\/wp\/v2\/pages\/879"}],"wp:attachment":[{"href":"https:\/\/adm-adria.si\/en\/wp-json\/wp\/v2\/media?parent=1954"}],"curies":[{"name":"wp","href":"https:\/\/api.w.org\/{rel}","templated":true}]}}