{"id":2890,"date":"2021-09-28T12:40:00","date_gmt":"2021-09-28T10:40:00","guid":{"rendered":"https:\/\/adm-adria.si\/?page_id=2890"},"modified":"2021-10-28T21:48:14","modified_gmt":"2021-10-28T19:48:14","slug":"avtorstvo","status":"publish","type":"page","link":"https:\/\/adm-adria.si\/en\/avtorstvo\/","title":{"rendered":"Copyright"},"content":{"rendered":"<p>Vse slike izdelkov in storitev, uporabljene na spleti\u0161\u010dih adm-adria.si so v lasti podjetja ADM-Adria, d. o. o.. Slike posameznih izdelkov so lahko v lasti posameznih proizvajalcev teh izdelkov.<\/p>\n\n\n\n<h2 class=\"wp-block-heading\">Izdelava<\/h2>\n\n\n\n<p>Spleti\u0161\u010da adm-adria.si je izdelalo podjetje <a rel=\"noreferrer noopener\" href=\"https:\/\/www.nevtron.si\/\" target=\"_blank\">Nevtron &amp; Company, d. o. o.<\/a><\/p>\n\n\n\n<p>Nevtron &amp; Company je visokotehnolo\u0161ko podjetje, ki se ukvarja tako s tiskanim, kot tudi s spletnim zalo\u017eni\u0161tvom, \u010deprav je dejavnost tudi \u0161ir\u0161a. Z lastnima medijskima znamkama <a href=\"https:\/\/www.student.si\/\" target=\"_blank\" rel=\"noreferrer noopener\">revija \u0160tudent<\/a> in <a href=\"https:\/\/www.mojprihranek.si\/\" target=\"_blank\" rel=\"noreferrer noopener\">MojPrihranek<\/a> je cilj podjetja usatvariti najve\u010dji informacijski kanal za \u0161irjenje aktualnih informacij na inovativen, bralcu zanimiv na\u010din. Za dosego tak\u0161nega cilja se zato v podjetju poslu\u017eujemo najnovej\u0161ih tehnologij ter konceptov. Toplo pa prisluhnemo tudi \u017eeljam in potrebam strank, saj vztrajamo pri konceptu brezpla\u010dnih oziroma poceni vsebin in s tem radikalno pove\u010dujemo bazo zadovoljnih bralcev.<\/p>\n\n\n\n<p>V svojih ve\u010ddesetletnih izku\u0161njah upravljanja spletnih portalov si je podjetje nabralo ogromno izku\u0161enj, katere sedaj deli z drugimi podjetji in organizacijami pri pripravi spletnih strani in drugih spletnih sistemov.<\/p>","protected":false},"excerpt":{"rendered":"<p>Vse slike izdelkov in storitev, uporabljene na spleti\u0161\u010dih adm-adria.si so v lasti podjetja ADM-Adria, d. o. o.. Slike posameznih izdelkov so lahko v lasti posameznih proizvajalcev teh izdelkov. Izdelava Spleti\u0161\u010da adm-adria.si je izdelalo podjetje Nevtron &amp; Company, d. o. o. Nevtron &amp; Company je visokotehnolo\u0161ko podjetje, ki se ukvarja tako s tiskanim, kot tudi s [&hellip;]<\/p>\n","protected":false},"author":1,"featured_media":0,"parent":0,"menu_order":0,"comment_status":"closed","ping_status":"closed","template":"","meta":{"site-sidebar-layout":"default","site-content-layout":"default","ast-site-content-layout":"default","site-content-style":"default","site-sidebar-style":"default","ast-global-header-display":"","ast-banner-title-visibility":"","ast-main-header-display":"","ast-hfb-above-header-display":"","ast-hfb-below-header-display":"","ast-hfb-mobile-header-display":"","site-post-title":"","ast-breadcrumbs-content":"","ast-featured-img":"","footer-sml-layout":"","ast-disable-related-posts":"","theme-transparent-header-meta":"default","adv-header-id-meta":"","stick-header-meta":"","header-above-stick-meta":"","header-main-stick-meta":"","header-below-stick-meta":"","astra-migrate-meta-layouts":"default","ast-page-background-enabled":"default","ast-page-background-meta":{"desktop":{"background-color":"var(--ast-global-color-4)","background-image":"","background-repeat":"repeat","background-position":"center center","background-size":"auto","background-attachment":"scroll","background-type":"","background-media":"","overlay-type":"","overlay-color":"","overlay-opacity":"","overlay-gradient":""},"tablet":{"background-color":"","background-image":"","background-repeat":"repeat","background-position":"center center","background-size":"auto","background-attachment":"scroll","background-type":"","background-media":"","overlay-type":"","overlay-color":"","overlay-opacity":"","overlay-gradient":""},"mobile":{"background-color":"","background-image":"","background-repeat":"repeat","background-position":"center center","background-size":"auto","background-attachment":"scroll","background-type":"","background-media":"","overlay-type":"","overlay-color":"","overlay-opacity":"","overlay-gradient":""}},"ast-content-background-meta":{"desktop":{"background-color":"var(--ast-global-color-5)","background-image":"","background-repeat":"repeat","background-position":"center center","background-size":"auto","background-attachment":"scroll","background-type":"","background-media":"","overlay-type":"","overlay-color":"","overlay-opacity":"","overlay-gradient":""},"tablet":{"background-color":"var(--ast-global-color-5)","background-image":"","background-repeat":"repeat","background-position":"center center","background-size":"auto","background-attachment":"scroll","background-type":"","background-media":"","overlay-type":"","overlay-color":"","overlay-opacity":"","overlay-gradient":""},"mobile":{"background-color":"var(--ast-global-color-5)","background-image":"","background-repeat":"repeat","background-position":"center center","background-size":"auto","background-attachment":"scroll","background-type":"","background-media":"","overlay-type":"","overlay-color":"","overlay-opacity":"","overlay-gradient":""}},"footnotes":""},"class_list":["post-2890","page","type-page","status-publish","hentry"],"_links":{"self":[{"href":"https:\/\/adm-adria.si\/en\/wp-json\/wp\/v2\/pages\/2890","targetHints":{"allow":["GET"]}}],"collection":[{"href":"https:\/\/adm-adria.si\/en\/wp-json\/wp\/v2\/pages"}],"about":[{"href":"https:\/\/adm-adria.si\/en\/wp-json\/wp\/v2\/types\/page"}],"author":[{"embeddable":true,"href":"https:\/\/adm-adria.si\/en\/wp-json\/wp\/v2\/users\/1"}],"replies":[{"embeddable":true,"href":"https:\/\/adm-adria.si\/en\/wp-json\/wp\/v2\/comments?post=2890"}],"version-history":[{"count":2,"href":"https:\/\/adm-adria.si\/en\/wp-json\/wp\/v2\/pages\/2890\/revisions"}],"predecessor-version":[{"id":3120,"href":"https:\/\/adm-adria.si\/en\/wp-json\/wp\/v2\/pages\/2890\/revisions\/3120"}],"wp:attachment":[{"href":"https:\/\/adm-adria.si\/en\/wp-json\/wp\/v2\/media?parent=2890"}],"curies":[{"name":"wp","href":"https:\/\/api.w.org\/{rel}","templated":true}]}}